{"id":3,"date":"2019-05-30T09:15:51","date_gmt":"2019-05-30T09:15:51","guid":{"rendered":"https:\/\/www.vinarijaaven.rs\/?page_id=3"},"modified":"2019-07-26T13:33:37","modified_gmt":"2019-07-26T13:33:37","slug":"privacy-policy","status":"publish","type":"page","link":"https:\/\/www.vinarijaaven.rs\/en\/privacy-policy\/","title":{"rendered":"Politika privatnosti"},"content":{"rendered":"<h2>Ko smo mi<\/h2>\n<p>Adresa na\u0161e veb stranice je: https:\/\/www.vinarijaaven.rs.<\/p>\n<h3>Koje li\u010dne podatke prikupljamo i za\u0161to ih prikupljamo<\/3><\/p>\n<h3>Komentari<\/h3>\n<p>Kada posetioci ostavljaju komentare na sajtu, prikupljamo podatke prikazane u obrascu za komentare, kao i IP adresu posetioca i niz agentskih korisni\u010dkih agenata da bismo otkrili spam.<\/p>\n<p>Anonimni niz koji je kreiran sa va\u0161e adrese e-po\u0161te (koji se naziva i hash) mo\u017ee se dati Gravatar slu\u017ebi da vidi da li je koristite. Politika privatnosti Gravatar servisa dostupna je ovde: https:\/\/automattic.com\/privacy\/. Nakon odobrenja va\u0161eg komentara, slika va\u0161eg profila je vidljiva javnosti u kontekstu va\u0161eg komentara.<\/p>\n<h3>Mediji<\/h3>\n<p>Ako otpremate slike na veb lokaciju, trebali biste izbjegavati slanje slika s ugra\u0111enim podacima o lokaciji (EKSIF GPS). Posetioci sajta mogu da preuzimaju i izdvajaju podatke o lokaciji sa slika na veb sajtu.<\/p>\n<h3>Kontaktni obrasci<\/h3>\n<h3>Cookies<\/h3>\n<p>Ako ostavite komentar na na\u0161em sajtu, mo\u017eete se uklju\u010diti u \u010duvanje va\u0161eg imena, adrese e-po\u0161te i veb lokacije u kola\u010dic\u0301ima. Ovo je za vas, tako da ne morate ponovo da unosite svoje podatke kada ostavite drugi komentar. Ovi kola\u010dic\u0301i c\u0301e trajati godinu dana.<\/p>\n<p>Ako posetite na\u0161u stranicu za prijavljivanje, postavic\u0301emo privremeni kola\u010dic\u0301 da bismo utvrdili da li va\u0161 pregleda\u010d prihvata kola\u010dic\u0301e. Ovaj kola\u010dic\u0301 ne sadr\u017ei li\u010dne podatke i odbacuje se kada zatvorite pregleda\u010d.<\/p>\n<p>Kada se prijavite, mi c\u0301emo tako\u0111e podesiti nekoliko kola\u010dic\u0301a za \u010duvanje va\u0161ih podataka za prijavljivanje i izbora ekrana. Kola\u010dic\u0301i za prijavljivanje traju dva dana, a kola\u010dic\u0301i sa opcijama na ekranu traju godinu dana. Ako odaberete &#8222;Zapamti me&#8220;, va\u0161a prijava c\u0301e trajati dve nedelje. Ako se odjavite sa naloga, kola\u010dic\u0301i za prijavljivanje c\u0301e biti uklonjeni.<\/p>\n<p>Ako uredite ili objavite \u010dlanak, dodatni kola\u010dic\u0301 c\u0301e biti sa\u010duvan u va\u0161em pregledniku. Ovaj kola\u010dic\u0301 ne sadr\u017ei li\u010dne podatke i jednostavno ozna\u010dava ID posta koji ste upravo uredili. Isti\u010de nakon 1 dana.<\/p>\n<p>Ugra\u0111eni sadr\u017eaj sa drugih Veb lokacija<br \/>\n\u010clanci na ovom sajtu mogu da sadr\u017ee ugra\u0111eni sadr\u017eaj (npr. Video snimke, slike, \u010dlanke itd.). Ugra\u0111eni sadr\u017eaj sa drugih veb-lokacija pona\u0161a se na isti na\u010din kao da je posjetitelj posjetio drugu veb-lokaciju.<\/p>\n<p>Ovi veb sajtovi mogu prikupljati podatke o vama, koristiti kola\u010dic\u0301e, ugraditi dodatno prac\u0301enje trec\u0301ih strana i pratiti va\u0161u interakciju s tim ugra\u0111enim sadr\u017eajem, uklju\u010dujuc\u0301i prac\u0301enje va\u0161e interakcije sa ugra\u0111enim sadr\u017eajem ako imate ra\u010dun i prijavljeni na to veb-mjesto.<\/p>\n<h3>Analitika<\/h3>\n<p>S kim dijelimo va\u0161e podatke<\/p>\n<p>Koliko dugo zadr\u017eavamo va\u0161e podatke<\/p>\n<p>Ako ostavite komentar, komentar i njegovi metapodaci se zadr\u017eavaju na neodre\u0111eno vreme. Ovo je tako da mo\u017eemo automatski prepoznati i odobriti bilo koje naknadne komentare, umjesto da ih dr\u017eimo u redu za moderiranje.<\/p>\n<p>Za korisnike koji se registruju na na\u0161oj veb stranici (ako ih ima), tako\u0111e \u010duvamo li\u010dne podatke koje pru\u017eaju u svom korisni\u010dkom profilu. Svi korisnici mogu da vide, ure\u0111uju ili bri\u0161u svoje li\u010dne podatke u bilo kom trenutku (osim \u0161to ne mogu da promene svoje korisni\u010dko ime). Administratori veb stranica tako\u0111e mogu da vide i ure\u0111uju te informacije.<\/p>\n<h3>Koja prava imate nad svojim podacima<\/h3>\n<p>Ako imate nalog na ovom sajtu, ili ste ostavili komentare, mo\u017eete zatra\u017eiti da primite izvezeni fajl li\u010dnih podataka koje imamo o vama, uklju\u010dujuc\u0301i sve podatke koje ste nam dostavili. Tako\u0111e mo\u017eete zatra\u017eiti da izbri\u0161emo sve li\u010dne podatke koje imamo o vama. Ovo ne uklju\u010duje podatke koje smo du\u017eni \u010duvati u administrativne, pravne ili sigurnosne svrhe.<\/p>\n<h3>Gde \u0161aljemo va\u0161e podatke<\/h3>\n<p>Komentari posetilaca mogu se proveriti putem automatske usluge otkrivanja ne\u017eeljene po\u0161te.<\/p>\n<p>Va\u0161e kontakt informacije<br \/>\nDodatne Informacije<br \/>\nKako \u0161titimo va\u0161e podatke<br \/>\nKoje procedure za kr\u0161enje podataka imamo<br \/>\nOd kojih trec\u0301ih strana primamo podatke<br \/>\nKakvo automatizovano dono\u0161enje odluka i \/ ili profilisanje radimo sa korisni\u010dkim podacima<br \/>\nZahtjevi za objavljivanje propisa industrije<\/p>","protected":false},"excerpt":{"rendered":"<p>Ko smo mi Adresa na\u0161e veb stranice je: https:\/\/www.vinarijaaven.rs. Koje li\u010dne podatke prikupljamo i za\u0161to ih prikupljamo Komentari Kada posetioci ostavljaju komentare na sajtu, prikupljamo podatke prikazane u obrascu za komentare, kao i IP adresu posetioca i niz agentskih korisni\u010dkih agenata da bismo otkrili spam. Anonimni niz koji je kreiran sa va\u0161e adrese e-po\u0161te (koji [&hellip;]<\/p>","protected":false},"author":1,"featured_media":0,"parent":0,"menu_order":0,"comment_status":"closed","ping_status":"open","template":"","meta":{"footnotes":""},"yoast_head":"<!-- This site is optimized with the Yoast SEO plugin v21.5 - https:\/\/yoast.com\/wordpress\/plugins\/seo\/ -->\n<title>Vinarija Aven Politika privatnosti  -<\/title>\n<meta name=\"robots\" content=\"index, follow, max-snippet:-1, max-image-preview:large, max-video-preview:-1\" \/>\n<link rel=\"canonical\" href=\"https:\/\/www.vinarijaaven.rs\/en\/privacy-policy\/\" \/>\n<meta property=\"og:locale\" content=\"en_US\" \/>\n<meta property=\"og:type\" content=\"article\" \/>\n<meta property=\"og:title\" content=\"Vinarija Aven Politika privatnosti  -\" \/>\n<meta property=\"og:description\" content=\"Ko smo mi Adresa na\u0161e veb stranice je: https:\/\/www.vinarijaaven.rs. Koje li\u010dne podatke prikupljamo i za\u0161to ih prikupljamo Komentari Kada posetioci ostavljaju komentare na sajtu, prikupljamo podatke prikazane u obrascu za komentare, kao i IP adresu posetioca i niz agentskih korisni\u010dkih agenata da bismo otkrili spam. Anonimni niz koji je kreiran sa va\u0161e adrese e-po\u0161te (koji [&hellip;]\" \/>\n<meta property=\"og:url\" content=\"https:\/\/www.vinarijaaven.rs\/en\/privacy-policy\/\" \/>\n<meta property=\"og:site_name\" content=\"Vinarija Aven\" \/>\n<meta property=\"article:publisher\" content=\"https:\/\/www.facebook.com\/profile.php?id=100057522158191\" \/>\n<meta property=\"article:modified_time\" content=\"2019-07-26T13:33:37+00:00\" \/>\n<meta name=\"twitter:card\" content=\"summary_large_image\" \/>\n<meta name=\"twitter:label1\" content=\"Est. reading time\" \/>\n\t<meta name=\"twitter:data1\" content=\"3 minutes\" \/>\n<script type=\"application\/ld+json\" class=\"yoast-schema-graph\">{\"@context\":\"https:\/\/schema.org\",\"@graph\":[{\"@type\":\"WebPage\",\"@id\":\"https:\/\/www.vinarijaaven.rs\/privacy-policy\/\",\"url\":\"https:\/\/www.vinarijaaven.rs\/privacy-policy\/\",\"name\":\"Vinarija Aven Politika privatnosti -\",\"isPartOf\":{\"@id\":\"https:\/\/www.vinarijaaven.rs\/#website\"},\"datePublished\":\"2019-05-30T09:15:51+00:00\",\"dateModified\":\"2019-07-26T13:33:37+00:00\",\"breadcrumb\":{\"@id\":\"https:\/\/www.vinarijaaven.rs\/privacy-policy\/#breadcrumb\"},\"inLanguage\":\"en-US\",\"potentialAction\":[{\"@type\":\"ReadAction\",\"target\":[\"https:\/\/www.vinarijaaven.rs\/privacy-policy\/\"]}]},{\"@type\":\"BreadcrumbList\",\"@id\":\"https:\/\/www.vinarijaaven.rs\/privacy-policy\/#breadcrumb\",\"itemListElement\":[{\"@type\":\"ListItem\",\"position\":1,\"name\":\"Home\",\"item\":\"https:\/\/www.vinarijaaven.rs\/\"},{\"@type\":\"ListItem\",\"position\":2,\"name\":\"Politika privatnosti\"}]},{\"@type\":\"WebSite\",\"@id\":\"https:\/\/www.vinarijaaven.rs\/#website\",\"url\":\"https:\/\/www.vinarijaaven.rs\/\",\"name\":\"Vinarija Aven\",\"description\":\"Blog i prodavnica za vino\",\"publisher\":{\"@id\":\"https:\/\/www.vinarijaaven.rs\/#organization\"},\"potentialAction\":[{\"@type\":\"SearchAction\",\"target\":{\"@type\":\"EntryPoint\",\"urlTemplate\":\"https:\/\/www.vinarijaaven.rs\/?s={search_term_string}\"},\"query-input\":\"required name=search_term_string\"}],\"inLanguage\":\"en-US\"},{\"@type\":\"Organization\",\"@id\":\"https:\/\/www.vinarijaaven.rs\/#organization\",\"name\":\"Vinarija Aven\",\"url\":\"https:\/\/www.vinarijaaven.rs\/\",\"logo\":{\"@type\":\"ImageObject\",\"inLanguage\":\"en-US\",\"@id\":\"https:\/\/www.vinarijaaven.rs\/#\/schema\/logo\/image\/\",\"url\":\"https:\/\/www.vinarijaaven.rs\/wp-content\/uploads\/2021\/05\/cropped-admin-ajax-1-2.png\",\"contentUrl\":\"https:\/\/www.vinarijaaven.rs\/wp-content\/uploads\/2021\/05\/cropped-admin-ajax-1-2.png\",\"width\":200,\"height\":203,\"caption\":\"Vinarija Aven\"},\"image\":{\"@id\":\"https:\/\/www.vinarijaaven.rs\/#\/schema\/logo\/image\/\"},\"sameAs\":[\"https:\/\/www.facebook.com\/profile.php?id=100057522158191\",\"https:\/\/www.instagram.com\/vinarija.aven\/\"]}]}<\/script>\n<!-- \/ Yoast SEO plugin. -->","yoast_head_json":{"title":"Vinarija Aven Politika privatnosti  -","robots":{"index":"index","follow":"follow","max-snippet":"max-snippet:-1","max-image-preview":"max-image-preview:large","max-video-preview":"max-video-preview:-1"},"canonical":"https:\/\/www.vinarijaaven.rs\/en\/privacy-policy\/","og_locale":"en_US","og_type":"article","og_title":"Vinarija Aven Politika privatnosti  -","og_description":"Ko smo mi Adresa na\u0161e veb stranice je: https:\/\/www.vinarijaaven.rs. Koje li\u010dne podatke prikupljamo i za\u0161to ih prikupljamo Komentari Kada posetioci ostavljaju komentare na sajtu, prikupljamo podatke prikazane u obrascu za komentare, kao i IP adresu posetioca i niz agentskih korisni\u010dkih agenata da bismo otkrili spam. Anonimni niz koji je kreiran sa va\u0161e adrese e-po\u0161te (koji [&hellip;]","og_url":"https:\/\/www.vinarijaaven.rs\/en\/privacy-policy\/","og_site_name":"Vinarija Aven","article_publisher":"https:\/\/www.facebook.com\/profile.php?id=100057522158191","article_modified_time":"2019-07-26T13:33:37+00:00","twitter_card":"summary_large_image","twitter_misc":{"Est. reading time":"3 minutes"},"schema":{"@context":"https:\/\/schema.org","@graph":[{"@type":"WebPage","@id":"https:\/\/www.vinarijaaven.rs\/privacy-policy\/","url":"https:\/\/www.vinarijaaven.rs\/privacy-policy\/","name":"Vinarija Aven Politika privatnosti -","isPartOf":{"@id":"https:\/\/www.vinarijaaven.rs\/#website"},"datePublished":"2019-05-30T09:15:51+00:00","dateModified":"2019-07-26T13:33:37+00:00","breadcrumb":{"@id":"https:\/\/www.vinarijaaven.rs\/privacy-policy\/#breadcrumb"},"inLanguage":"en-US","potentialAction":[{"@type":"ReadAction","target":["https:\/\/www.vinarijaaven.rs\/privacy-policy\/"]}]},{"@type":"BreadcrumbList","@id":"https:\/\/www.vinarijaaven.rs\/privacy-policy\/#breadcrumb","itemListElement":[{"@type":"ListItem","position":1,"name":"Home","item":"https:\/\/www.vinarijaaven.rs\/"},{"@type":"ListItem","position":2,"name":"Politika privatnosti"}]},{"@type":"WebSite","@id":"https:\/\/www.vinarijaaven.rs\/#website","url":"https:\/\/www.vinarijaaven.rs\/","name":"Vinarija Aven","description":"Blog i prodavnica za vino","publisher":{"@id":"https:\/\/www.vinarijaaven.rs\/#organization"},"potentialAction":[{"@type":"SearchAction","target":{"@type":"EntryPoint","urlTemplate":"https:\/\/www.vinarijaaven.rs\/?s={search_term_string}"},"query-input":"required name=search_term_string"}],"inLanguage":"en-US"},{"@type":"Organization","@id":"https:\/\/www.vinarijaaven.rs\/#organization","name":"Vinarija Aven","url":"https:\/\/www.vinarijaaven.rs\/","logo":{"@type":"ImageObject","inLanguage":"en-US","@id":"https:\/\/www.vinarijaaven.rs\/#\/schema\/logo\/image\/","url":"https:\/\/www.vinarijaaven.rs\/wp-content\/uploads\/2021\/05\/cropped-admin-ajax-1-2.png","contentUrl":"https:\/\/www.vinarijaaven.rs\/wp-content\/uploads\/2021\/05\/cropped-admin-ajax-1-2.png","width":200,"height":203,"caption":"Vinarija Aven"},"image":{"@id":"https:\/\/www.vinarijaaven.rs\/#\/schema\/logo\/image\/"},"sameAs":["https:\/\/www.facebook.com\/profile.php?id=100057522158191","https:\/\/www.instagram.com\/vinarija.aven\/"]}]}},"_links":{"self":[{"href":"https:\/\/www.vinarijaaven.rs\/en\/wp-json\/wp\/v2\/pages\/3"}],"collection":[{"href":"https:\/\/www.vinarijaaven.rs\/en\/wp-json\/wp\/v2\/pages"}],"about":[{"href":"https:\/\/www.vinarijaaven.rs\/en\/wp-json\/wp\/v2\/types\/page"}],"author":[{"embeddable":true,"href":"https:\/\/www.vinarijaaven.rs\/en\/wp-json\/wp\/v2\/users\/1"}],"replies":[{"embeddable":true,"href":"https:\/\/www.vinarijaaven.rs\/en\/wp-json\/wp\/v2\/comments?post=3"}],"version-history":[{"count":0,"href":"https:\/\/www.vinarijaaven.rs\/en\/wp-json\/wp\/v2\/pages\/3\/revisions"}],"wp:attachment":[{"href":"https:\/\/www.vinarijaaven.rs\/en\/wp-json\/wp\/v2\/media?parent=3"}],"curies":[{"name":"wp","href":"https:\/\/api.w.org\/{rel}","templated":true}]}}