{"id":35,"date":"2019-05-31T08:35:25","date_gmt":"2019-05-31T08:35:25","guid":{"rendered":"https:\/\/www.vinarijaaven.rs\/cart\/"},"modified":"2023-11-13T12:24:20","modified_gmt":"2023-11-13T12:24:20","slug":"cart","status":"publish","type":"page","link":"https:\/\/www.vinarijaaven.rs\/en\/cart\/","title":{"rendered":"Korpa"},"content":{"rendered":"<div data-elementor-type=\"wp-page\" data-elementor-id=\"35\" class=\"elementor elementor-35\">\n\t\t\t\t\t\t\t\t\t<section class=\"elementor-section elementor-top-section elementor-element elementor-element-d45bb97 elementor-section-height-min-height elementor-section-stretched elementor-section-boxed elementor-section-height-default elementor-section-items-middle\" data-id=\"d45bb97\" data-element_type=\"section\" data-settings=\"{&quot;stretch_section&quot;:&quot;section-stretched&quot;,&quot;background_background&quot;:&quot;classic&quot;}\">\n\t\t\t\t\t\t\t<div class=\"elementor-background-overlay\"><\/div>\n\t\t\t\t\t\t\t<div class=\"elementor-container elementor-column-gap-default\">\n\t\t\t\t\t<div class=\"elementor-column elementor-col-100 elementor-top-column elementor-element elementor-element-bd67019\" data-id=\"bd67019\" data-element_type=\"column\">\n\t\t\t<div class=\"elementor-widget-wrap elementor-element-populated\">\n\t\t\t\t\t\t\t\t<div class=\"elementor-element elementor-element-18550ae elementor-widget elementor-widget-image\" data-id=\"18550ae\" data-element_type=\"widget\" data-widget_type=\"image.default\">\n\t\t\t\t<div class=\"elementor-widget-container\">\n\t\t\t\t\t\t\t\t\t\t\t\t\t\t\t\t<a href=\"https:\/\/www.vinarijaaven.rs\/en\/\">\n\t\t\t\t\t\t\t<img loading=\"lazy\" decoding=\"async\" width=\"200\" height=\"139\" src=\"https:\/\/www.vinarijaaven.rs\/wp-content\/uploads\/2021\/05\/admin-ajax.png\" class=\"attachment-medium size-medium\" alt=\"\" \/>\t\t\t\t\t\t\t\t<\/a>\n\t\t\t\t\t\t\t\t\t\t\t\t\t\t\t<\/div>\n\t\t\t\t<\/div>\n\t\t\t\t<div class=\"elementor-element elementor-element-15cbcd6 elementor-widget-divider--view-line elementor-widget elementor-widget-divider\" data-id=\"15cbcd6\" data-element_type=\"widget\" data-widget_type=\"divider.default\">\n\t\t\t\t<div class=\"elementor-widget-container\">\n\t\t\t\t\t<div class=\"elementor-divider\">\n\t\t\t<span class=\"elementor-divider-separator\">\n\t\t\t\t\t\t<\/span>\n\t\t<\/div>\n\t\t\t\t<\/div>\n\t\t\t\t<\/div>\n\t\t\t\t<div class=\"elementor-element elementor-element-40afb89 elementor-widget elementor-widget-ekit-nav-menu\" data-id=\"40afb89\" data-element_type=\"widget\" data-widget_type=\"ekit-nav-menu.default\">\n\t\t\t\t<div class=\"elementor-widget-container\">\n\t\t\t<div class=\"ekit-wid-con ekit_menu_responsive_tablet\" data-hamburger-icon=\"\" data-hamburger-icon-type=\"icon\" data-responsive-breakpoint=\"1024\">            <button class=\"elementskit-menu-hamburger elementskit-menu-toggler\"  type=\"button\" aria-label=\"hamburger-icon\">\n                                    <span class=\"elementskit-menu-hamburger-icon\"><\/span><span class=\"elementskit-menu-hamburger-icon\"><\/span><span class=\"elementskit-menu-hamburger-icon\"><\/span>\n                            <\/button>\n            <div id=\"ekit-megamenu-primary-menu\" class=\"elementskit-menu-container elementskit-menu-offcanvas-elements elementskit-navbar-nav-default ekit-nav-menu-one-page- ekit-nav-dropdown-hover\"><ul id=\"menu-primary-menu\" class=\"elementskit-navbar-nav elementskit-menu-po-center submenu-click-on-icon\"><li id=\"menu-item-613\" class=\"menu-item menu-item-type-post_type menu-item-object-page menu-item-home menu-item-613 nav-item elementskit-mobile-builder-content\" data-vertical-menu=\"750px\"><a href=\"https:\/\/www.vinarijaaven.rs\/en\/\" class=\"ekit-menu-nav-link\">Po\u010detna<\/a><\/li>\n<li id=\"menu-item-146\" class=\"menu-item menu-item-type-post_type menu-item-object-page menu-item-146 nav-item elementskit-mobile-builder-content\" data-vertical-menu=\"750px\"><a href=\"https:\/\/www.vinarijaaven.rs\/en\/vinarija\/\" class=\"ekit-menu-nav-link\">Vinarija<\/a><\/li>\n<li id=\"menu-item-159\" class=\"menu-item menu-item-type-post_type menu-item-object-page menu-item-159 nav-item elementskit-mobile-builder-content\" data-vertical-menu=\"750px\"><a href=\"https:\/\/www.vinarijaaven.rs\/en\/aven-vina\/\" class=\"ekit-menu-nav-link\">Aven Vina<\/a><\/li>\n<li id=\"menu-item-162\" class=\"menu-item menu-item-type-post_type menu-item-object-page menu-item-162 nav-item elementskit-mobile-builder-content\" data-vertical-menu=\"750px\"><a href=\"https:\/\/www.vinarijaaven.rs\/en\/galerija-aven\/\" class=\"ekit-menu-nav-link\">Galerija Aven<\/a><\/li>\n<li id=\"menu-item-158\" class=\"menu-item menu-item-type-post_type menu-item-object-page menu-item-158 nav-item elementskit-mobile-builder-content\" data-vertical-menu=\"750px\"><a href=\"https:\/\/www.vinarijaaven.rs\/en\/aktuelnosti\/\" class=\"ekit-menu-nav-link\">Aktuelnosti<\/a><\/li>\n<li id=\"menu-item-161\" class=\"menu-item menu-item-type-post_type menu-item-object-page menu-item-161 nav-item elementskit-mobile-builder-content\" data-vertical-menu=\"750px\"><a href=\"https:\/\/www.vinarijaaven.rs\/en\/kontakt\/\" class=\"ekit-menu-nav-link\">Kontakt<\/a><\/li>\n<li id=\"menu-item-1102\" class=\"menu-item menu-item-type-post_type menu-item-object-page menu-item-1102 nav-item elementskit-mobile-builder-content\" data-vertical-menu=\"750px\"><a href=\"https:\/\/www.vinarijaaven.rs\/en\/prodavnica\/\" class=\"ekit-menu-nav-link\">Prodavnica<\/a><\/li>\n<\/ul><div class=\"elementskit-nav-identity-panel\">\n\t\t\t\t<div class=\"elementskit-site-title\">\n\t\t\t\t\t<a class=\"elementskit-nav-logo\" href=\"https:\/\/www.vinarijaaven.rs\/en\" target=\"_self\" rel=\"\">\n\t\t\t\t\t\t<img decoding=\"async\" src=\"\" title=\"\" alt=\"\" \/>\n\t\t\t\t\t<\/a> \n\t\t\t\t<\/div><button class=\"elementskit-menu-close elementskit-menu-toggler\" type=\"button\">X<\/button><\/div><\/div>\t\t\t\n\t\t\t<div class=\"elementskit-menu-overlay elementskit-menu-offcanvas-elements elementskit-menu-toggler ekit-nav-menu--overlay\"><\/div><\/div>\t\t<\/div>\n\t\t\t\t<\/div>\n\t\t\t\t<div class=\"elementor-element elementor-element-edc4d37 elementor-widget-divider--view-line elementor-widget elementor-widget-divider\" data-id=\"edc4d37\" data-element_type=\"widget\" data-widget_type=\"divider.default\">\n\t\t\t\t<div class=\"elementor-widget-container\">\n\t\t\t\t\t<div class=\"elementor-divider\">\n\t\t\t<span class=\"elementor-divider-separator\">\n\t\t\t\t\t\t<\/span>\n\t\t<\/div>\n\t\t\t\t<\/div>\n\t\t\t\t<\/div>\n\t\t\t\t\t<\/div>\n\t\t<\/div>\n\t\t\t\t\t\t\t<\/div>\n\t\t<\/section>\n\t\t\t\t<section class=\"elementor-section elementor-top-section elementor-element elementor-element-2e08697a elementor-section-stretched elementor-section-height-min-height elementor-section-boxed elementor-section-height-default elementor-section-items-middle\" data-id=\"2e08697a\" data-element_type=\"section\" data-settings=\"{&quot;stretch_section&quot;:&quot;section-stretched&quot;,&quot;background_background&quot;:&quot;classic&quot;}\">\n\t\t\t\t\t\t<div class=\"elementor-container elementor-column-gap-default\">\n\t\t\t\t\t<div class=\"elementor-column elementor-col-100 elementor-top-column elementor-element elementor-element-375a5f4b\" data-id=\"375a5f4b\" data-element_type=\"column\">\n\t\t\t<div class=\"elementor-widget-wrap elementor-element-populated\">\n\t\t\t\t\t\t\t\t<div class=\"elementor-element elementor-element-ceb3713 elementor-widget elementor-widget-text-editor\" data-id=\"ceb3713\" data-element_type=\"widget\" data-widget_type=\"text-editor.default\">\n\t\t\t\t<div class=\"elementor-widget-container\">\n\t\t\t\t\t\t\t<!-- wp:shortcode -->\r\n<p>&nbsp;<\/p>\r\n<p>&nbsp;<\/p>\r\n<p><div class=\"woocommerce\">\t<p class=\"return-to-shop\">\n\t\t<a class=\"button wc-backward\" href=\"https:\/\/www.vinarijaaven.rs\/en\/proizvod\/\">\n\t\t\tReturn to shop\t\t<\/a>\n\t<\/p>\n<\/div><\/p>\r\n<!-- \/wp:shortcode -->\t\t\t\t\t\t<\/div>\n\t\t\t\t<\/div>\n\t\t\t\t\t<\/div>\n\t\t<\/div>\n\t\t\t\t\t\t\t<\/div>\n\t\t<\/section>\n\t\t\t\t<section class=\"elementor-section elementor-top-section elementor-element elementor-element-496a851 elementor-section-height-min-height elementor-section-boxed elementor-section-height-default elementor-section-items-middle\" data-id=\"496a851\" data-element_type=\"section\" data-settings=\"{&quot;background_background&quot;:&quot;classic&quot;}\">\n\t\t\t\t\t\t\t<div class=\"elementor-background-overlay\"><\/div>\n\t\t\t\t\t\t\t<div class=\"elementor-container elementor-column-gap-default\">\n\t\t\t\t\t<div class=\"elementor-column elementor-col-20 elementor-top-column elementor-element elementor-element-d1b24e7\" data-id=\"d1b24e7\" data-element_type=\"column\">\n\t\t\t<div class=\"elementor-widget-wrap elementor-element-populated\">\n\t\t\t\t\t\t\t\t<div class=\"elementor-element elementor-element-a2aa697 elementor-widget elementor-widget-image\" data-id=\"a2aa697\" data-element_type=\"widget\" data-widget_type=\"image.default\">\n\t\t\t\t<div class=\"elementor-widget-container\">\n\t\t\t\t\t\t\t\t\t\t\t\t\t\t\t<img loading=\"lazy\" decoding=\"async\" width=\"200\" height=\"139\" src=\"https:\/\/www.vinarijaaven.rs\/wp-content\/uploads\/2021\/05\/admin-ajax.png\" class=\"attachment-large size-large\" alt=\"\" \/>\t\t\t\t\t\t\t\t\t\t\t\t\t\t\t<\/div>\n\t\t\t\t<\/div>\n\t\t\t\t<div class=\"elementor-element elementor-element-c4f34f7 elementor-widget elementor-widget-heading\" data-id=\"c4f34f7\" data-element_type=\"widget\" data-widget_type=\"heading.default\">\n\t\t\t\t<div class=\"elementor-widget-container\">\n\t\t\t<h2 class=\"elementor-heading-title elementor-size-default\">Svojom ponudom ho\u0107emo da obezbedimo potro\u0161a\u010dima vino dobrog kvaliteta. Spoj ljubavi i tradicije prema vinu, kao i podneblje koje daje sorte gro\u017e\u0111a vrhunskog kvaliteta za rezultat daju i kvalitetna vina. <\/h2>\t\t<\/div>\n\t\t\t\t<\/div>\n\t\t\t\t\t<\/div>\n\t\t<\/div>\n\t\t\t\t<div class=\"elementor-column elementor-col-20 elementor-top-column elementor-element elementor-element-6f1dd81\" data-id=\"6f1dd81\" data-element_type=\"column\">\n\t\t\t<div class=\"elementor-widget-wrap elementor-element-populated\">\n\t\t\t\t\t\t\t\t<div class=\"elementor-element elementor-element-09716f4 elementor-widget__width-initial elementor-widget elementor-widget-spacer\" data-id=\"09716f4\" data-element_type=\"widget\" data-widget_type=\"spacer.default\">\n\t\t\t\t<div class=\"elementor-widget-container\">\n\t\t\t\t\t<div class=\"elementor-spacer\">\n\t\t\t<div class=\"elementor-spacer-inner\"><\/div>\n\t\t<\/div>\n\t\t\t\t<\/div>\n\t\t\t\t<\/div>\n\t\t\t\t\t<\/div>\n\t\t<\/div>\n\t\t\t\t<div class=\"elementor-column elementor-col-20 elementor-top-column elementor-element elementor-element-b04051a\" data-id=\"b04051a\" data-element_type=\"column\">\n\t\t\t<div class=\"elementor-widget-wrap elementor-element-populated\">\n\t\t\t\t\t\t\t\t<div class=\"elementor-element elementor-element-31d5071 elementor-widget elementor-widget-heading\" data-id=\"31d5071\" data-element_type=\"widget\" data-widget_type=\"heading.default\">\n\t\t\t\t<div class=\"elementor-widget-container\">\n\t\t\t<h2 class=\"elementor-heading-title elementor-size-default\">LOKACIJA<\/h2>\t\t<\/div>\n\t\t\t\t<\/div>\n\t\t\t\t<div class=\"elementor-element elementor-element-e12298c elementor-widget elementor-widget-text-editor\" data-id=\"e12298c\" data-element_type=\"widget\" data-widget_type=\"text-editor.default\">\n\t\t\t\t<div class=\"elementor-widget-container\">\n\t\t\t\t\t\t\t<p>Petra Ko\u010di\u0107a 29, In\u0111ija 22320, Republika Srbija<\/p>\t\t\t\t\t\t<\/div>\n\t\t\t\t<\/div>\n\t\t\t\t<div class=\"elementor-element elementor-element-0cfbebb elementor-widget elementor-widget-heading\" data-id=\"0cfbebb\" data-element_type=\"widget\" data-widget_type=\"heading.default\">\n\t\t\t\t<div class=\"elementor-widget-container\">\n\t\t\t<h2 class=\"elementor-heading-title elementor-size-default\">Kontakt<\/h2>\t\t<\/div>\n\t\t\t\t<\/div>\n\t\t\t\t<div class=\"elementor-element elementor-element-0cd9cfc elementor-widget elementor-widget-text-editor\" data-id=\"0cd9cfc\" data-element_type=\"widget\" data-widget_type=\"text-editor.default\">\n\t\t\t\t<div class=\"elementor-widget-container\">\n\t\t\t\t\t\t\t<p>+381 61 21 51 034<\/p>\t\t\t\t\t\t<\/div>\n\t\t\t\t<\/div>\n\t\t\t\t<div class=\"elementor-element elementor-element-f04291e elementor-widget elementor-widget-heading\" data-id=\"f04291e\" data-element_type=\"widget\" data-widget_type=\"heading.default\">\n\t\t\t\t<div class=\"elementor-widget-container\">\n\t\t\t<h2 class=\"elementor-heading-title elementor-size-default\">Kontakt<\/h2>\t\t<\/div>\n\t\t\t\t<\/div>\n\t\t\t\t<div class=\"elementor-element elementor-element-4d22596 elementor-widget elementor-widget-text-editor\" data-id=\"4d22596\" data-element_type=\"widget\" data-widget_type=\"text-editor.default\">\n\t\t\t\t<div class=\"elementor-widget-container\">\n\t\t\t\t\t\t\t<p>vinarijaaven@gmail.com<\/p>\t\t\t\t\t\t<\/div>\n\t\t\t\t<\/div>\n\t\t\t\t<div class=\"elementor-element elementor-element-716b599 elementor-shape-circle elementor-grid-0 e-grid-align-center elementor-widget elementor-widget-social-icons\" data-id=\"716b599\" data-element_type=\"widget\" data-widget_type=\"social-icons.default\">\n\t\t\t\t<div class=\"elementor-widget-container\">\n\t\t\t\t\t<div class=\"elementor-social-icons-wrapper elementor-grid\">\n\t\t\t\t\t\t\t<span class=\"elementor-grid-item\">\n\t\t\t\t\t<a class=\"elementor-icon elementor-social-icon elementor-social-icon-facebook elementor-repeater-item-2714ee2\" target=\"_blank\">\n\t\t\t\t\t\t<span class=\"elementor-screen-only\">Facebook<\/span>\n\t\t\t\t\t\t<i class=\"fab fa-facebook\"><\/i>\t\t\t\t\t<\/a>\n\t\t\t\t<\/span>\n\t\t\t\t\t\t\t<span class=\"elementor-grid-item\">\n\t\t\t\t\t<a class=\"elementor-icon elementor-social-icon elementor-social-icon-twitter elementor-repeater-item-fbd5908\" target=\"_blank\">\n\t\t\t\t\t\t<span class=\"elementor-screen-only\">Twitter<\/span>\n\t\t\t\t\t\t<i class=\"fab fa-twitter\"><\/i>\t\t\t\t\t<\/a>\n\t\t\t\t<\/span>\n\t\t\t\t\t\t\t<span class=\"elementor-grid-item\">\n\t\t\t\t\t<a class=\"elementor-icon elementor-social-icon elementor-social-icon-youtube elementor-repeater-item-9cdb4a8\" target=\"_blank\">\n\t\t\t\t\t\t<span class=\"elementor-screen-only\">Youtube<\/span>\n\t\t\t\t\t\t<i class=\"fab fa-youtube\"><\/i>\t\t\t\t\t<\/a>\n\t\t\t\t<\/span>\n\t\t\t\t\t<\/div>\n\t\t\t\t<\/div>\n\t\t\t\t<\/div>\n\t\t\t\t\t<\/div>\n\t\t<\/div>\n\t\t\t\t<div class=\"elementor-column elementor-col-20 elementor-top-column elementor-element elementor-element-f641f39\" data-id=\"f641f39\" data-element_type=\"column\">\n\t\t\t<div class=\"elementor-widget-wrap elementor-element-populated\">\n\t\t\t\t\t\t\t\t<div class=\"elementor-element elementor-element-87c49c0 elementor-widget__width-initial elementor-widget elementor-widget-spacer\" data-id=\"87c49c0\" data-element_type=\"widget\" data-widget_type=\"spacer.default\">\n\t\t\t\t<div class=\"elementor-widget-container\">\n\t\t\t\t\t<div class=\"elementor-spacer\">\n\t\t\t<div class=\"elementor-spacer-inner\"><\/div>\n\t\t<\/div>\n\t\t\t\t<\/div>\n\t\t\t\t<\/div>\n\t\t\t\t\t<\/div>\n\t\t<\/div>\n\t\t\t\t<div class=\"elementor-column elementor-col-20 elementor-top-column elementor-element elementor-element-a16941a\" data-id=\"a16941a\" data-element_type=\"column\">\n\t\t\t<div class=\"elementor-widget-wrap elementor-element-populated\">\n\t\t\t\t\t\t\t\t<div class=\"elementor-element elementor-element-3deb723 elementor-widget elementor-widget-heading\" data-id=\"3deb723\" data-element_type=\"widget\" data-widget_type=\"heading.default\">\n\t\t\t\t<div class=\"elementor-widget-container\">\n\t\t\t<h2 class=\"elementor-heading-title elementor-size-default\">NAVIGACIJA<\/h2>\t\t<\/div>\n\t\t\t\t<\/div>\n\t\t\t\t<div class=\"elementor-element elementor-element-6ef30fe elementor-widget-divider--view-line elementor-widget elementor-widget-divider\" data-id=\"6ef30fe\" data-element_type=\"widget\" data-widget_type=\"divider.default\">\n\t\t\t\t<div class=\"elementor-widget-container\">\n\t\t\t\t\t<div class=\"elementor-divider\">\n\t\t\t<span class=\"elementor-divider-separator\">\n\t\t\t\t\t\t<\/span>\n\t\t<\/div>\n\t\t\t\t<\/div>\n\t\t\t\t<\/div>\n\t\t\t\t\t<\/div>\n\t\t<\/div>\n\t\t\t\t\t\t\t<\/div>\n\t\t<\/section>\n\t\t\t\t<section class=\"elementor-section elementor-top-section elementor-element elementor-element-a11c55e elementor-section-height-min-height elementor-section-boxed elementor-section-height-default elementor-section-items-middle\" data-id=\"a11c55e\" data-element_type=\"section\" data-settings=\"{&quot;background_background&quot;:&quot;classic&quot;}\">\n\t\t\t\t\t\t<div class=\"elementor-container elementor-column-gap-default\">\n\t\t\t\t\t<div class=\"elementor-column elementor-col-100 elementor-top-column elementor-element elementor-element-edf4c47\" data-id=\"edf4c47\" data-element_type=\"column\">\n\t\t\t<div class=\"elementor-widget-wrap elementor-element-populated\">\n\t\t\t\t\t\t\t\t<div class=\"elementor-element elementor-element-b067adf elementor-widget elementor-widget-heading\" data-id=\"b067adf\" data-element_type=\"widget\" data-widget_type=\"heading.default\">\n\t\t\t\t<div class=\"elementor-widget-container\">\n\t\t\t<h2 class=\"elementor-heading-title elementor-size-default\">All rights reserved \u00a9 Vinarija Aven<\/h2>\t\t<\/div>\n\t\t\t\t<\/div>\n\t\t\t\t\t<\/div>\n\t\t<\/div>\n\t\t\t\t\t\t\t<\/div>\n\t\t<\/section>\n\t\t\t\t\t\t\t<\/div>","protected":false},"excerpt":{"rendered":"<p>Po\u010detna Vinarija Aven Vina Galerija Aven Aktuelnosti Kontakt Prodavnica X Svojom ponudom ho\u0107emo da obezbedimo potro\u0161a\u010dima vino dobrog kvaliteta. Spoj ljubavi i tradicije prema vinu, kao i podneblje koje daje sorte gro\u017e\u0111a vrhunskog kvaliteta za rezultat daju i kvalitetna vina. LOKACIJA Petra Ko\u010di\u0107a 29, In\u0111ija 22320, Republika Srbija Kontakt +381 61 21 51 034 Kontakt [&hellip;]<\/p>","protected":false},"author":1,"featured_media":0,"parent":0,"menu_order":0,"comment_status":"closed","ping_status":"open","template":"elementor_canvas","meta":{"footnotes":""},"yoast_head":"<!-- This site is optimized with the Yoast SEO plugin v21.5 - https:\/\/yoast.com\/wordpress\/plugins\/seo\/ -->\n<title>Vinarija Aven Korpa  -<\/title>\n<meta name=\"robots\" content=\"index, follow, max-snippet:-1, max-image-preview:large, max-video-preview:-1\" \/>\n<link rel=\"canonical\" href=\"https:\/\/www.vinarijaaven.rs\/en\/cart\/\" \/>\n<meta property=\"og:locale\" content=\"en_US\" \/>\n<meta property=\"og:type\" content=\"article\" \/>\n<meta property=\"og:title\" content=\"Vinarija Aven Korpa  -\" \/>\n<meta property=\"og:description\" content=\"Po\u010detna Vinarija Aven Vina Galerija Aven Aktuelnosti Kontakt Prodavnica X Svojom ponudom ho\u0107emo da obezbedimo potro\u0161a\u010dima vino dobrog kvaliteta. Spoj ljubavi i tradicije prema vinu, kao i podneblje koje daje sorte gro\u017e\u0111a vrhunskog kvaliteta za rezultat daju i kvalitetna vina. LOKACIJA Petra Ko\u010di\u0107a 29, In\u0111ija 22320, Republika Srbija Kontakt +381 61 21 51 034 Kontakt [&hellip;]\" \/>\n<meta property=\"og:url\" content=\"https:\/\/www.vinarijaaven.rs\/en\/cart\/\" \/>\n<meta property=\"og:site_name\" content=\"Vinarija Aven\" \/>\n<meta property=\"article:publisher\" content=\"https:\/\/www.facebook.com\/profile.php?id=100057522158191\" \/>\n<meta property=\"article:modified_time\" content=\"2023-11-13T12:24:20+00:00\" \/>\n<meta property=\"og:image\" content=\"https:\/\/www.vinarijaaven.rs\/wp-content\/uploads\/2021\/05\/admin-ajax.png\" \/>\n<meta name=\"twitter:card\" content=\"summary_large_image\" \/>\n<meta name=\"twitter:label1\" content=\"Est. reading time\" \/>\n\t<meta name=\"twitter:data1\" content=\"1 minute\" \/>\n<script type=\"application\/ld+json\" class=\"yoast-schema-graph\">{\"@context\":\"https:\/\/schema.org\",\"@graph\":[{\"@type\":\"WebPage\",\"@id\":\"https:\/\/www.vinarijaaven.rs\/cart\/\",\"url\":\"https:\/\/www.vinarijaaven.rs\/cart\/\",\"name\":\"Vinarija Aven Korpa -\",\"isPartOf\":{\"@id\":\"https:\/\/www.vinarijaaven.rs\/#website\"},\"datePublished\":\"2019-05-31T08:35:25+00:00\",\"dateModified\":\"2023-11-13T12:24:20+00:00\",\"breadcrumb\":{\"@id\":\"https:\/\/www.vinarijaaven.rs\/cart\/#breadcrumb\"},\"inLanguage\":\"en-US\",\"potentialAction\":[{\"@type\":\"ReadAction\",\"target\":[\"https:\/\/www.vinarijaaven.rs\/cart\/\"]}]},{\"@type\":\"BreadcrumbList\",\"@id\":\"https:\/\/www.vinarijaaven.rs\/cart\/#breadcrumb\",\"itemListElement\":[{\"@type\":\"ListItem\",\"position\":1,\"name\":\"Home\",\"item\":\"https:\/\/www.vinarijaaven.rs\/\"},{\"@type\":\"ListItem\",\"position\":2,\"name\":\"Korpa\"}]},{\"@type\":\"WebSite\",\"@id\":\"https:\/\/www.vinarijaaven.rs\/#website\",\"url\":\"https:\/\/www.vinarijaaven.rs\/\",\"name\":\"Vinarija Aven\",\"description\":\"Blog i prodavnica za vino\",\"publisher\":{\"@id\":\"https:\/\/www.vinarijaaven.rs\/#organization\"},\"potentialAction\":[{\"@type\":\"SearchAction\",\"target\":{\"@type\":\"EntryPoint\",\"urlTemplate\":\"https:\/\/www.vinarijaaven.rs\/?s={search_term_string}\"},\"query-input\":\"required name=search_term_string\"}],\"inLanguage\":\"en-US\"},{\"@type\":\"Organization\",\"@id\":\"https:\/\/www.vinarijaaven.rs\/#organization\",\"name\":\"Vinarija Aven\",\"url\":\"https:\/\/www.vinarijaaven.rs\/\",\"logo\":{\"@type\":\"ImageObject\",\"inLanguage\":\"en-US\",\"@id\":\"https:\/\/www.vinarijaaven.rs\/#\/schema\/logo\/image\/\",\"url\":\"https:\/\/www.vinarijaaven.rs\/wp-content\/uploads\/2021\/05\/cropped-admin-ajax-1-2.png\",\"contentUrl\":\"https:\/\/www.vinarijaaven.rs\/wp-content\/uploads\/2021\/05\/cropped-admin-ajax-1-2.png\",\"width\":200,\"height\":203,\"caption\":\"Vinarija Aven\"},\"image\":{\"@id\":\"https:\/\/www.vinarijaaven.rs\/#\/schema\/logo\/image\/\"},\"sameAs\":[\"https:\/\/www.facebook.com\/profile.php?id=100057522158191\",\"https:\/\/www.instagram.com\/vinarija.aven\/\"]}]}<\/script>\n<!-- \/ Yoast SEO plugin. -->","yoast_head_json":{"title":"Vinarija Aven Korpa  -","robots":{"index":"index","follow":"follow","max-snippet":"max-snippet:-1","max-image-preview":"max-image-preview:large","max-video-preview":"max-video-preview:-1"},"canonical":"https:\/\/www.vinarijaaven.rs\/en\/cart\/","og_locale":"en_US","og_type":"article","og_title":"Vinarija Aven Korpa  -","og_description":"Po\u010detna Vinarija Aven Vina Galerija Aven Aktuelnosti Kontakt Prodavnica X Svojom ponudom ho\u0107emo da obezbedimo potro\u0161a\u010dima vino dobrog kvaliteta. Spoj ljubavi i tradicije prema vinu, kao i podneblje koje daje sorte gro\u017e\u0111a vrhunskog kvaliteta za rezultat daju i kvalitetna vina. LOKACIJA Petra Ko\u010di\u0107a 29, In\u0111ija 22320, Republika Srbija Kontakt +381 61 21 51 034 Kontakt [&hellip;]","og_url":"https:\/\/www.vinarijaaven.rs\/en\/cart\/","og_site_name":"Vinarija Aven","article_publisher":"https:\/\/www.facebook.com\/profile.php?id=100057522158191","article_modified_time":"2023-11-13T12:24:20+00:00","og_image":[{"url":"https:\/\/www.vinarijaaven.rs\/wp-content\/uploads\/2021\/05\/admin-ajax.png"}],"twitter_card":"summary_large_image","twitter_misc":{"Est. reading time":"1 minute"},"schema":{"@context":"https:\/\/schema.org","@graph":[{"@type":"WebPage","@id":"https:\/\/www.vinarijaaven.rs\/cart\/","url":"https:\/\/www.vinarijaaven.rs\/cart\/","name":"Vinarija Aven Korpa -","isPartOf":{"@id":"https:\/\/www.vinarijaaven.rs\/#website"},"datePublished":"2019-05-31T08:35:25+00:00","dateModified":"2023-11-13T12:24:20+00:00","breadcrumb":{"@id":"https:\/\/www.vinarijaaven.rs\/cart\/#breadcrumb"},"inLanguage":"en-US","potentialAction":[{"@type":"ReadAction","target":["https:\/\/www.vinarijaaven.rs\/cart\/"]}]},{"@type":"BreadcrumbList","@id":"https:\/\/www.vinarijaaven.rs\/cart\/#breadcrumb","itemListElement":[{"@type":"ListItem","position":1,"name":"Home","item":"https:\/\/www.vinarijaaven.rs\/"},{"@type":"ListItem","position":2,"name":"Korpa"}]},{"@type":"WebSite","@id":"https:\/\/www.vinarijaaven.rs\/#website","url":"https:\/\/www.vinarijaaven.rs\/","name":"Vinarija Aven","description":"Blog i prodavnica za vino","publisher":{"@id":"https:\/\/www.vinarijaaven.rs\/#organization"},"potentialAction":[{"@type":"SearchAction","target":{"@type":"EntryPoint","urlTemplate":"https:\/\/www.vinarijaaven.rs\/?s={search_term_string}"},"query-input":"required name=search_term_string"}],"inLanguage":"en-US"},{"@type":"Organization","@id":"https:\/\/www.vinarijaaven.rs\/#organization","name":"Vinarija Aven","url":"https:\/\/www.vinarijaaven.rs\/","logo":{"@type":"ImageObject","inLanguage":"en-US","@id":"https:\/\/www.vinarijaaven.rs\/#\/schema\/logo\/image\/","url":"https:\/\/www.vinarijaaven.rs\/wp-content\/uploads\/2021\/05\/cropped-admin-ajax-1-2.png","contentUrl":"https:\/\/www.vinarijaaven.rs\/wp-content\/uploads\/2021\/05\/cropped-admin-ajax-1-2.png","width":200,"height":203,"caption":"Vinarija Aven"},"image":{"@id":"https:\/\/www.vinarijaaven.rs\/#\/schema\/logo\/image\/"},"sameAs":["https:\/\/www.facebook.com\/profile.php?id=100057522158191","https:\/\/www.instagram.com\/vinarija.aven\/"]}]}},"_links":{"self":[{"href":"https:\/\/www.vinarijaaven.rs\/en\/wp-json\/wp\/v2\/pages\/35"}],"collection":[{"href":"https:\/\/www.vinarijaaven.rs\/en\/wp-json\/wp\/v2\/pages"}],"about":[{"href":"https:\/\/www.vinarijaaven.rs\/en\/wp-json\/wp\/v2\/types\/page"}],"author":[{"embeddable":true,"href":"https:\/\/www.vinarijaaven.rs\/en\/wp-json\/wp\/v2\/users\/1"}],"replies":[{"embeddable":true,"href":"https:\/\/www.vinarijaaven.rs\/en\/wp-json\/wp\/v2\/comments?post=35"}],"version-history":[{"count":6,"href":"https:\/\/www.vinarijaaven.rs\/en\/wp-json\/wp\/v2\/pages\/35\/revisions"}],"predecessor-version":[{"id":1434,"href":"https:\/\/www.vinarijaaven.rs\/en\/wp-json\/wp\/v2\/pages\/35\/revisions\/1434"}],"wp:attachment":[{"href":"https:\/\/www.vinarijaaven.rs\/en\/wp-json\/wp\/v2\/media?parent=35"}],"curies":[{"name":"wp","href":"https:\/\/api.w.org\/{rel}","templated":true}]}}