{"id":1139,"date":"2023-11-07T22:00:08","date_gmt":"2023-11-07T22:00:08","guid":{"rendered":"https:\/\/www.vinarijaaven.rs\/?post_type=product&#038;p=1139"},"modified":"2025-01-31T15:02:09","modified_gmt":"2025-01-31T15:02:09","slug":"tamjanika","status":"publish","type":"product","link":"https:\/\/www.vinarijaaven.rs\/en\/product\/tamjanika\/","title":{"rendered":"Tamjanika 2023"},"content":{"rendered":"<p>Zlatno-\u017euta boja srednjeg inteziteta. Delikatne note cvetova bagrema se stapaju sa nagove\u0161tajem meda natopljenog dinjom koji se zadr\u017eava na kraju.<\/p>\n<p>Na nepcima citrusna aroma koja sadr\u017ei naznake limete, kore pomorand\u017ee i zelene jabuke. Vino vrlo aromati\u010dnog karaktera, lagane prirode sa dobro uskla\u0111enim kiselinama i izbalansiranim sadr\u017eajem alkohola.<\/p>\n<p><strong>Gastro savet:<\/strong><\/p>\n<ul>\n<li>Su\u0161i<\/li>\n<li>Bela riba<\/li>\n<li>Plodovi mora<\/li>\n<li>Svetla mesa<\/li>\n<li>Sezonske salate<\/li>\n<li>Pita sa jabukama<\/li>\n<li>Paste\/Ri\u017eoto sa prethodno navedenim<\/li>\n<\/ul>","protected":false},"excerpt":{"rendered":"<div dir=\"auto\"><strong>Vinograd<\/strong><\/div>\n<div dir=\"auto\">Ekspozicija: jugo-istok<\/div>\n<div dir=\"auto\">Nadmorska visina: 320m<\/div>\n<div dir=\"auto\">Sorte: Tamjanika<\/div>\n<div dir=\"auto\">Starost vinograda: 15 god<\/div>\n<div dir=\"auto\">Berba: 2022<\/div>\n<div dir=\"auto\"><\/div>\n<div dir=\"auto\"><strong>Podrum<\/strong><\/div>\n<div dir=\"auto\">Fermentacija: od 15-18\u00b0C<\/div>\n<div dir=\"auto\">Odle\u017eavanje: inox 6 meseci<\/div>\n<div dir=\"auto\"><\/div>\n<div dir=\"auto\">Alkohol: 12,0%<\/div>\n<div dir=\"auto\">\u0160e\u0107er: 2,2 gr\/l<\/div>\n<div dir=\"auto\">Kiseline: 6,5gr\/l<\/div>\n<div dir=\"auto\">SO2 90mg\/l<\/div>\n<div dir=\"auto\">pH 3,3<\/div>\n<div dir=\"auto\">Serviranje 8-12\u00b0C<\/div>","protected":false},"featured_media":1468,"comment_status":"closed","ping_status":"closed","template":"","meta":[],"product_cat":[30],"product_tag":[85,103,107,105,106,104,87,84,86,88],"yoast_head":"<!-- This site is optimized with the Yoast SEO plugin v21.5 - https:\/\/yoast.com\/wordpress\/plugins\/seo\/ -->\n<title>Tamjanika 2023 - Vinarija Aven<\/title>\n<meta name=\"robots\" content=\"index, follow, max-snippet:-1, max-image-preview:large, max-video-preview:-1\" \/>\n<link rel=\"canonical\" href=\"https:\/\/www.vinarijaaven.rs\/en\/product\/tamjanika\/\" \/>\n<meta property=\"og:locale\" content=\"en_US\" \/>\n<meta property=\"og:type\" content=\"article\" \/>\n<meta property=\"og:title\" content=\"Tamjanika 2023 - Vinarija Aven\" \/>\n<meta property=\"og:description\" content=\"Vinograd Ekspozicija: jugo-istok Nadmorska visina: 320m Sorte: Tamjanika Starost vinograda: 15 god Berba: 2022  Podrum Fermentacija: od 15-18\u00b0C Odle\u017eavanje: inox 6 meseci  Alkohol: 12,0% \u0160e\u0107er: 2,2 gr\/l Kiseline: 6,5gr\/l SO2 90mg\/l pH 3,3 Serviranje 8-12\u00b0C\" \/>\n<meta property=\"og:url\" content=\"https:\/\/www.vinarijaaven.rs\/en\/product\/tamjanika\/\" \/>\n<meta property=\"og:site_name\" content=\"Vinarija Aven\" \/>\n<meta property=\"article:publisher\" content=\"https:\/\/www.facebook.com\/profile.php?id=100057522158191\" \/>\n<meta property=\"article:modified_time\" content=\"2025-01-31T15:02:09+00:00\" \/>\n<meta property=\"og:image\" content=\"https:\/\/www.vinarijaaven.rs\/wp-content\/uploads\/2023\/11\/Tamjanika-2.jpg\" \/>\n\t<meta property=\"og:image:width\" content=\"900\" \/>\n\t<meta property=\"og:image:height\" content=\"900\" \/>\n\t<meta property=\"og:image:type\" content=\"image\/jpeg\" \/>\n<meta name=\"twitter:card\" content=\"summary_large_image\" \/>\n<meta name=\"twitter:label1\" content=\"Est. reading time\" \/>\n\t<meta name=\"twitter:data1\" content=\"1 minute\" \/>\n<script type=\"application\/ld+json\" class=\"yoast-schema-graph\">{\"@context\":\"https:\/\/schema.org\",\"@graph\":[{\"@type\":\"WebPage\",\"@id\":\"https:\/\/www.vinarijaaven.rs\/product\/tamjanika\/\",\"url\":\"https:\/\/www.vinarijaaven.rs\/product\/tamjanika\/\",\"name\":\"Tamjanika 2023 - Vinarija Aven\",\"isPartOf\":{\"@id\":\"https:\/\/www.vinarijaaven.rs\/#website\"},\"datePublished\":\"2023-11-07T22:00:08+00:00\",\"dateModified\":\"2025-01-31T15:02:09+00:00\",\"breadcrumb\":{\"@id\":\"https:\/\/www.vinarijaaven.rs\/product\/tamjanika\/#breadcrumb\"},\"inLanguage\":\"en-US\",\"potentialAction\":[{\"@type\":\"ReadAction\",\"target\":[\"https:\/\/www.vinarijaaven.rs\/product\/tamjanika\/\"]}]},{\"@type\":\"BreadcrumbList\",\"@id\":\"https:\/\/www.vinarijaaven.rs\/product\/tamjanika\/#breadcrumb\",\"itemListElement\":[{\"@type\":\"ListItem\",\"position\":1,\"name\":\"Home\",\"item\":\"https:\/\/www.vinarijaaven.rs\/\"},{\"@type\":\"ListItem\",\"position\":2,\"name\":\"Proizvod\",\"item\":\"https:\/\/www.vinarijaaven.rs\/proizvod\/\"},{\"@type\":\"ListItem\",\"position\":3,\"name\":\"Tamjanika 2023\"}]},{\"@type\":\"WebSite\",\"@id\":\"https:\/\/www.vinarijaaven.rs\/#website\",\"url\":\"https:\/\/www.vinarijaaven.rs\/\",\"name\":\"Vinarija Aven\",\"description\":\"Blog i prodavnica za vino\",\"publisher\":{\"@id\":\"https:\/\/www.vinarijaaven.rs\/#organization\"},\"potentialAction\":[{\"@type\":\"SearchAction\",\"target\":{\"@type\":\"EntryPoint\",\"urlTemplate\":\"https:\/\/www.vinarijaaven.rs\/?s={search_term_string}\"},\"query-input\":\"required name=search_term_string\"}],\"inLanguage\":\"en-US\"},{\"@type\":\"Organization\",\"@id\":\"https:\/\/www.vinarijaaven.rs\/#organization\",\"name\":\"Vinarija Aven\",\"url\":\"https:\/\/www.vinarijaaven.rs\/\",\"logo\":{\"@type\":\"ImageObject\",\"inLanguage\":\"en-US\",\"@id\":\"https:\/\/www.vinarijaaven.rs\/#\/schema\/logo\/image\/\",\"url\":\"https:\/\/www.vinarijaaven.rs\/wp-content\/uploads\/2021\/05\/cropped-admin-ajax-1-2.png\",\"contentUrl\":\"https:\/\/www.vinarijaaven.rs\/wp-content\/uploads\/2021\/05\/cropped-admin-ajax-1-2.png\",\"width\":200,\"height\":203,\"caption\":\"Vinarija Aven\"},\"image\":{\"@id\":\"https:\/\/www.vinarijaaven.rs\/#\/schema\/logo\/image\/\"},\"sameAs\":[\"https:\/\/www.facebook.com\/profile.php?id=100057522158191\",\"https:\/\/www.instagram.com\/vinarija.aven\/\"]}]}<\/script>\n<!-- \/ Yoast SEO plugin. -->","yoast_head_json":{"title":"Tamjanika 2023 - Vinarija Aven","robots":{"index":"index","follow":"follow","max-snippet":"max-snippet:-1","max-image-preview":"max-image-preview:large","max-video-preview":"max-video-preview:-1"},"canonical":"https:\/\/www.vinarijaaven.rs\/en\/product\/tamjanika\/","og_locale":"en_US","og_type":"article","og_title":"Tamjanika 2023 - Vinarija Aven","og_description":"Vinograd Ekspozicija: jugo-istok Nadmorska visina: 320m Sorte: Tamjanika Starost vinograda: 15 god Berba: 2022  Podrum Fermentacija: od 15-18\u00b0C Odle\u017eavanje: inox 6 meseci  Alkohol: 12,0% \u0160e\u0107er: 2,2 gr\/l Kiseline: 6,5gr\/l SO2 90mg\/l pH 3,3 Serviranje 8-12\u00b0C","og_url":"https:\/\/www.vinarijaaven.rs\/en\/product\/tamjanika\/","og_site_name":"Vinarija Aven","article_publisher":"https:\/\/www.facebook.com\/profile.php?id=100057522158191","article_modified_time":"2025-01-31T15:02:09+00:00","og_image":[{"width":900,"height":900,"url":"https:\/\/www.vinarijaaven.rs\/wp-content\/uploads\/2023\/11\/Tamjanika-2.jpg","type":"image\/jpeg"}],"twitter_card":"summary_large_image","twitter_misc":{"Est. reading time":"1 minute"},"schema":{"@context":"https:\/\/schema.org","@graph":[{"@type":"WebPage","@id":"https:\/\/www.vinarijaaven.rs\/product\/tamjanika\/","url":"https:\/\/www.vinarijaaven.rs\/product\/tamjanika\/","name":"Tamjanika 2023 - Vinarija Aven","isPartOf":{"@id":"https:\/\/www.vinarijaaven.rs\/#website"},"datePublished":"2023-11-07T22:00:08+00:00","dateModified":"2025-01-31T15:02:09+00:00","breadcrumb":{"@id":"https:\/\/www.vinarijaaven.rs\/product\/tamjanika\/#breadcrumb"},"inLanguage":"en-US","potentialAction":[{"@type":"ReadAction","target":["https:\/\/www.vinarijaaven.rs\/product\/tamjanika\/"]}]},{"@type":"BreadcrumbList","@id":"https:\/\/www.vinarijaaven.rs\/product\/tamjanika\/#breadcrumb","itemListElement":[{"@type":"ListItem","position":1,"name":"Home","item":"https:\/\/www.vinarijaaven.rs\/"},{"@type":"ListItem","position":2,"name":"Proizvod","item":"https:\/\/www.vinarijaaven.rs\/proizvod\/"},{"@type":"ListItem","position":3,"name":"Tamjanika 2023"}]},{"@type":"WebSite","@id":"https:\/\/www.vinarijaaven.rs\/#website","url":"https:\/\/www.vinarijaaven.rs\/","name":"Vinarija Aven","description":"Blog i prodavnica za vino","publisher":{"@id":"https:\/\/www.vinarijaaven.rs\/#organization"},"potentialAction":[{"@type":"SearchAction","target":{"@type":"EntryPoint","urlTemplate":"https:\/\/www.vinarijaaven.rs\/?s={search_term_string}"},"query-input":"required name=search_term_string"}],"inLanguage":"en-US"},{"@type":"Organization","@id":"https:\/\/www.vinarijaaven.rs\/#organization","name":"Vinarija Aven","url":"https:\/\/www.vinarijaaven.rs\/","logo":{"@type":"ImageObject","inLanguage":"en-US","@id":"https:\/\/www.vinarijaaven.rs\/#\/schema\/logo\/image\/","url":"https:\/\/www.vinarijaaven.rs\/wp-content\/uploads\/2021\/05\/cropped-admin-ajax-1-2.png","contentUrl":"https:\/\/www.vinarijaaven.rs\/wp-content\/uploads\/2021\/05\/cropped-admin-ajax-1-2.png","width":200,"height":203,"caption":"Vinarija Aven"},"image":{"@id":"https:\/\/www.vinarijaaven.rs\/#\/schema\/logo\/image\/"},"sameAs":["https:\/\/www.facebook.com\/profile.php?id=100057522158191","https:\/\/www.instagram.com\/vinarija.aven\/"]}]}},"_links":{"self":[{"href":"https:\/\/www.vinarijaaven.rs\/en\/wp-json\/wp\/v2\/product\/1139"}],"collection":[{"href":"https:\/\/www.vinarijaaven.rs\/en\/wp-json\/wp\/v2\/product"}],"about":[{"href":"https:\/\/www.vinarijaaven.rs\/en\/wp-json\/wp\/v2\/types\/product"}],"replies":[{"embeddable":true,"href":"https:\/\/www.vinarijaaven.rs\/en\/wp-json\/wp\/v2\/comments?post=1139"}],"wp:featuredmedia":[{"embeddable":true,"href":"https:\/\/www.vinarijaaven.rs\/en\/wp-json\/wp\/v2\/media\/1468"}],"wp:attachment":[{"href":"https:\/\/www.vinarijaaven.rs\/en\/wp-json\/wp\/v2\/media?parent=1139"}],"wp:term":[{"taxonomy":"product_cat","embeddable":true,"href":"https:\/\/www.vinarijaaven.rs\/en\/wp-json\/wp\/v2\/product_cat?post=1139"},{"taxonomy":"product_tag","embeddable":true,"href":"https:\/\/www.vinarijaaven.rs\/en\/wp-json\/wp\/v2\/product_tag?post=1139"}],"curies":[{"name":"wp","href":"https:\/\/api.w.org\/{rel}","templated":true}]}}