{"id":1140,"date":"2023-11-07T22:10:55","date_gmt":"2023-11-07T22:10:55","guid":{"rendered":"https:\/\/www.vinarijaaven.rs\/?post_type=product&#038;p=1140"},"modified":"2023-11-22T19:22:52","modified_gmt":"2023-11-22T19:22:52","slug":"chardonay","status":"publish","type":"product","link":"https:\/\/www.vinarijaaven.rs\/en\/product\/chardonay\/","title":{"rendered":"Chardonnay 2022"},"content":{"rendered":"<h4>INFORMACIJE &#8211; Chardonnay<\/h4>\n<p><a href=\"https:\/\/www.vinarijaaven.rs\/en\/product\/chardonnay-belo-vino\/\">Chardonnay belo vino<\/a> je intenzivno zlatno \u017eute boje i kristalne bistrine.<br \/>\nAroma vina je razvijena i intezivna na brio\u0161 i zrelo<br \/>\n\u017euto vo\u0107e sa nagove\u0161tajem dima i tropskog vo\u0107a (dinja) uz<br \/>\nprimetnu mineralnost.<\/p>\n<p>Harmini\u010dan na nepcu, punog tela, sa dugom<br \/>\nzavr\u0161nicom pro\u017eetom aromama meda i<br \/>\nkaramele (ili bolje re\u010deno cream brule-a).<\/p>\n<p>Vino je suvo sa dobro balansiranim kiselinama i alkoholom.<br \/>\nSpremno da se u\u017eiva sada.<\/p>\n<p><strong>Gastro savet<\/strong>:<\/p>\n<ul>\n<li>Bela mesa &#8211; piletina, \u0107uretina<\/li>\n<li>Mr\u0161ava svinjetina<\/li>\n<li>Mlinci\/Paste sa svetlim sosevima<\/li>\n<li>Pasta carbonara<\/li>\n<li>Beli mrs<\/li>\n<li>Kremasti deserti umerene slasti<\/li>\n<\/ul>","protected":false},"excerpt":{"rendered":"<h4>VINOGRAD<\/h4>\n<p>Lokalitet: Fru\u0161ka gora, Novi Slankamen<br \/>\nEkspozicija: Jugoistok<br \/>\nNadmorska visina: 243 m<br \/>\nSorte: Chardonnay<br \/>\nStarost vinograda: 12 godina, prinos do 1.5 kg po \u010dokotu<br \/>\nBerba: 2022<\/p>\n<p><strong>PODRUM<\/strong><\/p>\n<p>Fermentacija: od 15 do 18\u00b0C<br \/>\nOdle\u017eavanje: inox i boca<\/p>\n<p>Alkohol: 13%<br \/>\n\u0160e\u0107er: 1,6 gr\/l<br \/>\nKiseline: 6,2 g\/l<br \/>\nSO2 120 mg\/l<br \/>\npH: 3,33<br \/>\nServiranje. 8-12\u00b0C<\/p>","protected":false},"featured_media":1463,"comment_status":"closed","ping_status":"closed","template":"","meta":[],"product_cat":[30],"product_tag":[87,90,93,91,92,96,89,94,95,88],"yoast_head":"<!-- This site is optimized with the Yoast SEO plugin v21.5 - https:\/\/yoast.com\/wordpress\/plugins\/seo\/ -->\n<title>Chardonnay 2022 - Vinarija Aven<\/title>\n<meta name=\"description\" content=\"Chardonnay belo vino je intenzivne zlatno \u017eute i kristalne bistrine.Miris vina je razvijen i srednjeg intenziteta na brio\u0161 i zrelo\u017euto vo\u0107e sa nagove\u0161tajem\" \/>\n<meta name=\"robots\" content=\"index, follow, max-snippet:-1, max-image-preview:large, max-video-preview:-1\" \/>\n<link rel=\"canonical\" href=\"https:\/\/www.vinarijaaven.rs\/en\/product\/chardonay\/\" \/>\n<meta property=\"og:locale\" content=\"en_US\" \/>\n<meta property=\"og:type\" content=\"article\" \/>\n<meta property=\"og:title\" content=\"Chardonnay 2022 - Vinarija Aven\" \/>\n<meta property=\"og:description\" content=\"Chardonnay belo vino je intenzivne zlatno \u017eute i kristalne bistrine.Miris vina je razvijen i srednjeg intenziteta na brio\u0161 i zrelo\u017euto vo\u0107e sa nagove\u0161tajem\" \/>\n<meta property=\"og:url\" content=\"https:\/\/www.vinarijaaven.rs\/en\/product\/chardonay\/\" \/>\n<meta property=\"og:site_name\" content=\"Vinarija Aven\" \/>\n<meta property=\"article:publisher\" content=\"https:\/\/www.facebook.com\/profile.php?id=100057522158191\" \/>\n<meta property=\"article:modified_time\" content=\"2023-11-22T19:22:52+00:00\" \/>\n<meta property=\"og:image\" content=\"https:\/\/www.vinarijaaven.rs\/wp-content\/uploads\/2023\/11\/Chardonnay-1.jpg\" \/>\n\t<meta property=\"og:image:width\" content=\"900\" \/>\n\t<meta property=\"og:image:height\" content=\"900\" \/>\n\t<meta property=\"og:image:type\" content=\"image\/jpeg\" \/>\n<meta name=\"twitter:card\" content=\"summary_large_image\" \/>\n<meta name=\"twitter:label1\" content=\"Est. reading time\" \/>\n\t<meta name=\"twitter:data1\" content=\"1 minute\" \/>\n<script type=\"application\/ld+json\" class=\"yoast-schema-graph\">{\"@context\":\"https:\/\/schema.org\",\"@graph\":[{\"@type\":\"WebPage\",\"@id\":\"https:\/\/www.vinarijaaven.rs\/product\/chardonay\/\",\"url\":\"https:\/\/www.vinarijaaven.rs\/product\/chardonay\/\",\"name\":\"Chardonnay 2022 - Vinarija Aven\",\"isPartOf\":{\"@id\":\"https:\/\/www.vinarijaaven.rs\/#website\"},\"datePublished\":\"2023-11-07T22:10:55+00:00\",\"dateModified\":\"2023-11-22T19:22:52+00:00\",\"description\":\"Chardonnay belo vino je intenzivne zlatno \u017eute i kristalne bistrine.Miris vina je razvijen i srednjeg intenziteta na brio\u0161 i zrelo\u017euto vo\u0107e sa nagove\u0161tajem\",\"breadcrumb\":{\"@id\":\"https:\/\/www.vinarijaaven.rs\/product\/chardonay\/#breadcrumb\"},\"inLanguage\":\"en-US\",\"potentialAction\":[{\"@type\":\"ReadAction\",\"target\":[\"https:\/\/www.vinarijaaven.rs\/product\/chardonay\/\"]}]},{\"@type\":\"BreadcrumbList\",\"@id\":\"https:\/\/www.vinarijaaven.rs\/product\/chardonay\/#breadcrumb\",\"itemListElement\":[{\"@type\":\"ListItem\",\"position\":1,\"name\":\"Home\",\"item\":\"https:\/\/www.vinarijaaven.rs\/\"},{\"@type\":\"ListItem\",\"position\":2,\"name\":\"Proizvod\",\"item\":\"https:\/\/www.vinarijaaven.rs\/proizvod\/\"},{\"@type\":\"ListItem\",\"position\":3,\"name\":\"Chardonnay 2022\"}]},{\"@type\":\"WebSite\",\"@id\":\"https:\/\/www.vinarijaaven.rs\/#website\",\"url\":\"https:\/\/www.vinarijaaven.rs\/\",\"name\":\"Vinarija Aven\",\"description\":\"Blog i prodavnica za vino\",\"publisher\":{\"@id\":\"https:\/\/www.vinarijaaven.rs\/#organization\"},\"potentialAction\":[{\"@type\":\"SearchAction\",\"target\":{\"@type\":\"EntryPoint\",\"urlTemplate\":\"https:\/\/www.vinarijaaven.rs\/?s={search_term_string}\"},\"query-input\":\"required name=search_term_string\"}],\"inLanguage\":\"en-US\"},{\"@type\":\"Organization\",\"@id\":\"https:\/\/www.vinarijaaven.rs\/#organization\",\"name\":\"Vinarija Aven\",\"url\":\"https:\/\/www.vinarijaaven.rs\/\",\"logo\":{\"@type\":\"ImageObject\",\"inLanguage\":\"en-US\",\"@id\":\"https:\/\/www.vinarijaaven.rs\/#\/schema\/logo\/image\/\",\"url\":\"https:\/\/www.vinarijaaven.rs\/wp-content\/uploads\/2021\/05\/cropped-admin-ajax-1-2.png\",\"contentUrl\":\"https:\/\/www.vinarijaaven.rs\/wp-content\/uploads\/2021\/05\/cropped-admin-ajax-1-2.png\",\"width\":200,\"height\":203,\"caption\":\"Vinarija Aven\"},\"image\":{\"@id\":\"https:\/\/www.vinarijaaven.rs\/#\/schema\/logo\/image\/\"},\"sameAs\":[\"https:\/\/www.facebook.com\/profile.php?id=100057522158191\",\"https:\/\/www.instagram.com\/vinarija.aven\/\"]}]}<\/script>\n<!-- \/ Yoast SEO plugin. -->","yoast_head_json":{"title":"Chardonnay 2022 - Vinarija Aven","description":"Chardonnay belo vino je intenzivne zlatno \u017eute i kristalne bistrine.Miris vina je razvijen i srednjeg intenziteta na brio\u0161 i zrelo\u017euto vo\u0107e sa nagove\u0161tajem","robots":{"index":"index","follow":"follow","max-snippet":"max-snippet:-1","max-image-preview":"max-image-preview:large","max-video-preview":"max-video-preview:-1"},"canonical":"https:\/\/www.vinarijaaven.rs\/en\/product\/chardonay\/","og_locale":"en_US","og_type":"article","og_title":"Chardonnay 2022 - Vinarija Aven","og_description":"Chardonnay belo vino je intenzivne zlatno \u017eute i kristalne bistrine.Miris vina je razvijen i srednjeg intenziteta na brio\u0161 i zrelo\u017euto vo\u0107e sa nagove\u0161tajem","og_url":"https:\/\/www.vinarijaaven.rs\/en\/product\/chardonay\/","og_site_name":"Vinarija Aven","article_publisher":"https:\/\/www.facebook.com\/profile.php?id=100057522158191","article_modified_time":"2023-11-22T19:22:52+00:00","og_image":[{"width":900,"height":900,"url":"https:\/\/www.vinarijaaven.rs\/wp-content\/uploads\/2023\/11\/Chardonnay-1.jpg","type":"image\/jpeg"}],"twitter_card":"summary_large_image","twitter_misc":{"Est. reading time":"1 minute"},"schema":{"@context":"https:\/\/schema.org","@graph":[{"@type":"WebPage","@id":"https:\/\/www.vinarijaaven.rs\/product\/chardonay\/","url":"https:\/\/www.vinarijaaven.rs\/product\/chardonay\/","name":"Chardonnay 2022 - Vinarija Aven","isPartOf":{"@id":"https:\/\/www.vinarijaaven.rs\/#website"},"datePublished":"2023-11-07T22:10:55+00:00","dateModified":"2023-11-22T19:22:52+00:00","description":"Chardonnay belo vino je intenzivne zlatno \u017eute i kristalne bistrine.Miris vina je razvijen i srednjeg intenziteta na brio\u0161 i zrelo\u017euto vo\u0107e sa nagove\u0161tajem","breadcrumb":{"@id":"https:\/\/www.vinarijaaven.rs\/product\/chardonay\/#breadcrumb"},"inLanguage":"en-US","potentialAction":[{"@type":"ReadAction","target":["https:\/\/www.vinarijaaven.rs\/product\/chardonay\/"]}]},{"@type":"BreadcrumbList","@id":"https:\/\/www.vinarijaaven.rs\/product\/chardonay\/#breadcrumb","itemListElement":[{"@type":"ListItem","position":1,"name":"Home","item":"https:\/\/www.vinarijaaven.rs\/"},{"@type":"ListItem","position":2,"name":"Proizvod","item":"https:\/\/www.vinarijaaven.rs\/proizvod\/"},{"@type":"ListItem","position":3,"name":"Chardonnay 2022"}]},{"@type":"WebSite","@id":"https:\/\/www.vinarijaaven.rs\/#website","url":"https:\/\/www.vinarijaaven.rs\/","name":"Vinarija Aven","description":"Blog i prodavnica za vino","publisher":{"@id":"https:\/\/www.vinarijaaven.rs\/#organization"},"potentialAction":[{"@type":"SearchAction","target":{"@type":"EntryPoint","urlTemplate":"https:\/\/www.vinarijaaven.rs\/?s={search_term_string}"},"query-input":"required name=search_term_string"}],"inLanguage":"en-US"},{"@type":"Organization","@id":"https:\/\/www.vinarijaaven.rs\/#organization","name":"Vinarija Aven","url":"https:\/\/www.vinarijaaven.rs\/","logo":{"@type":"ImageObject","inLanguage":"en-US","@id":"https:\/\/www.vinarijaaven.rs\/#\/schema\/logo\/image\/","url":"https:\/\/www.vinarijaaven.rs\/wp-content\/uploads\/2021\/05\/cropped-admin-ajax-1-2.png","contentUrl":"https:\/\/www.vinarijaaven.rs\/wp-content\/uploads\/2021\/05\/cropped-admin-ajax-1-2.png","width":200,"height":203,"caption":"Vinarija Aven"},"image":{"@id":"https:\/\/www.vinarijaaven.rs\/#\/schema\/logo\/image\/"},"sameAs":["https:\/\/www.facebook.com\/profile.php?id=100057522158191","https:\/\/www.instagram.com\/vinarija.aven\/"]}]}},"_links":{"self":[{"href":"https:\/\/www.vinarijaaven.rs\/en\/wp-json\/wp\/v2\/product\/1140"}],"collection":[{"href":"https:\/\/www.vinarijaaven.rs\/en\/wp-json\/wp\/v2\/product"}],"about":[{"href":"https:\/\/www.vinarijaaven.rs\/en\/wp-json\/wp\/v2\/types\/product"}],"replies":[{"embeddable":true,"href":"https:\/\/www.vinarijaaven.rs\/en\/wp-json\/wp\/v2\/comments?post=1140"}],"wp:featuredmedia":[{"embeddable":true,"href":"https:\/\/www.vinarijaaven.rs\/en\/wp-json\/wp\/v2\/media\/1463"}],"wp:attachment":[{"href":"https:\/\/www.vinarijaaven.rs\/en\/wp-json\/wp\/v2\/media?parent=1140"}],"wp:term":[{"taxonomy":"product_cat","embeddable":true,"href":"https:\/\/www.vinarijaaven.rs\/en\/wp-json\/wp\/v2\/product_cat?post=1140"},{"taxonomy":"product_tag","embeddable":true,"href":"https:\/\/www.vinarijaaven.rs\/en\/wp-json\/wp\/v2\/product_tag?post=1140"}],"curies":[{"name":"wp","href":"https:\/\/api.w.org\/{rel}","templated":true}]}}