{"id":124,"date":"2019-06-19T08:39:06","date_gmt":"2019-06-19T08:39:06","guid":{"rendered":"https:\/\/www.vinarijaaven.rs\/?post_type=product&#038;p=124"},"modified":"2025-01-31T15:08:42","modified_gmt":"2025-01-31T15:08:42","slug":"rose","status":"publish","type":"product","link":"https:\/\/www.vinarijaaven.rs\/en\/product\/rose\/","title":{"rendered":"Rose 2023"},"content":{"rendered":"<h4>INFORMACIJE:<\/h4>\n<p><a href=\"https:\/\/www.vinarijaaven.rs\/en\/product\/rose-aven\/\">Rose Aven atraktivne roze boje<\/a> i briljantnog odsjaja.<br \/>\nMiris intenzivan na nezrelo bobi\u010dasto vo\u0107e i list kupine. Na nepcima jagoda i kupina sa zavr\u0161nicom sve\u017eeg \u0161umskog vo\u0107a.<br \/>\nVino je izbalansiranih alkohola i kiselina \u0161to mu daje puno\u0107u i sve\u017einu.<\/p>\n<p>Ukus je srednje puno\u0107e i trajanja.<br \/>\nSpremno da se pije sada.<\/p>\n<p><strong>Gastro savet:<\/strong><\/p>\n<ul>\n<li>Aperitivno vino<\/li>\n<li>Ro\u0161tilj<\/li>\n<li>Pice<\/li>\n<li>Paste\/ri\u017eoto sa pe\u010durkama<\/li>\n<li>Grilovana slaninica<\/li>\n<li>Burger<\/li>\n<\/ul>","protected":false},"excerpt":{"rendered":"<p><strong>VINOGRAD<\/strong><\/p>\n<p>Lokalitet: \u017dupa aleksandrova\u010dka<br \/>\nEkspozicija: jugoistok<br \/>\nNadmorska visina: 290m<br \/>\nSorte: Merlot 100%<br \/>\nStarost vinograda: 10god<br \/>\nBerba: 2022<\/p>\n<p><strong>PODRUM<\/strong><\/p>\n<p>Fermentacija: od 16 do 20\u00b0C<br \/>\nOdle\u017eavanje: inox<\/p>\n<p>Alkohol: 12,5%<br \/>\n\u0160e\u0107er: 3,8gr\/l<br \/>\nKiseline: 6,4g\/l<br \/>\nSO2 98mg\/l<br \/>\npH: 3,48<br \/>\nServiranje. 8-12\u00b0C<\/p>","protected":false},"featured_media":1472,"comment_status":"closed","ping_status":"closed","template":"","meta":[],"product_cat":[31],"product_tag":[39,41,42,43,40],"yoast_head":"<!-- This site is optimized with the Yoast SEO plugin v21.5 - https:\/\/yoast.com\/wordpress\/plugins\/seo\/ -->\n<title>Vinarija Aven - Rose 2023<\/title>\n<meta name=\"description\" content=\"Rose Aven vino procenat alkohola 14%. Ukus je srednje puno\u0107e i trajanja. Vinoje bogato alkoholom koji dobro nosi daju\u0107i mu obiljnosti i puno\u0107u. vinarijaaven\" \/>\n<meta name=\"robots\" content=\"index, follow, max-snippet:-1, max-image-preview:large, max-video-preview:-1\" \/>\n<link rel=\"canonical\" href=\"https:\/\/www.vinarijaaven.rs\/en\/product\/rose\/\" \/>\n<meta property=\"og:locale\" content=\"en_US\" \/>\n<meta property=\"og:type\" content=\"article\" \/>\n<meta property=\"og:title\" content=\"Vinarija Aven - Rose 2023\" \/>\n<meta property=\"og:description\" content=\"Rose Aven vino procenat alkohola 14%. Ukus je srednje puno\u0107e i trajanja. Vinoje bogato alkoholom koji dobro nosi daju\u0107i mu obiljnosti i puno\u0107u. vinarijaaven\" \/>\n<meta property=\"og:url\" content=\"https:\/\/www.vinarijaaven.rs\/en\/product\/rose\/\" \/>\n<meta property=\"og:site_name\" content=\"Vinarija Aven\" \/>\n<meta property=\"article:publisher\" content=\"https:\/\/www.facebook.com\/profile.php?id=100057522158191\" \/>\n<meta property=\"article:modified_time\" content=\"2025-01-31T15:08:42+00:00\" \/>\n<meta property=\"og:image\" content=\"https:\/\/www.vinarijaaven.rs\/wp-content\/uploads\/2019\/06\/Aven-rose.jpg\" \/>\n\t<meta property=\"og:image:width\" content=\"900\" \/>\n\t<meta property=\"og:image:height\" content=\"900\" \/>\n\t<meta property=\"og:image:type\" content=\"image\/jpeg\" \/>\n<meta name=\"twitter:card\" content=\"summary_large_image\" \/>\n<meta name=\"twitter:label1\" content=\"Est. reading time\" \/>\n\t<meta name=\"twitter:data1\" content=\"1 minute\" \/>\n<script type=\"application\/ld+json\" class=\"yoast-schema-graph\">{\"@context\":\"https:\/\/schema.org\",\"@graph\":[{\"@type\":\"WebPage\",\"@id\":\"https:\/\/www.vinarijaaven.rs\/product\/rose\/\",\"url\":\"https:\/\/www.vinarijaaven.rs\/product\/rose\/\",\"name\":\"Vinarija Aven - Rose 2023\",\"isPartOf\":{\"@id\":\"https:\/\/www.vinarijaaven.rs\/#website\"},\"datePublished\":\"2019-06-19T08:39:06+00:00\",\"dateModified\":\"2025-01-31T15:08:42+00:00\",\"description\":\"Rose Aven vino procenat alkohola 14%. Ukus je srednje puno\u0107e i trajanja. Vinoje bogato alkoholom koji dobro nosi daju\u0107i mu obiljnosti i puno\u0107u. vinarijaaven\",\"breadcrumb\":{\"@id\":\"https:\/\/www.vinarijaaven.rs\/product\/rose\/#breadcrumb\"},\"inLanguage\":\"en-US\",\"potentialAction\":[{\"@type\":\"ReadAction\",\"target\":[\"https:\/\/www.vinarijaaven.rs\/product\/rose\/\"]}]},{\"@type\":\"BreadcrumbList\",\"@id\":\"https:\/\/www.vinarijaaven.rs\/product\/rose\/#breadcrumb\",\"itemListElement\":[{\"@type\":\"ListItem\",\"position\":1,\"name\":\"Home\",\"item\":\"https:\/\/www.vinarijaaven.rs\/\"},{\"@type\":\"ListItem\",\"position\":2,\"name\":\"Proizvod\",\"item\":\"https:\/\/www.vinarijaaven.rs\/proizvod\/\"},{\"@type\":\"ListItem\",\"position\":3,\"name\":\"Rose 2023\"}]},{\"@type\":\"WebSite\",\"@id\":\"https:\/\/www.vinarijaaven.rs\/#website\",\"url\":\"https:\/\/www.vinarijaaven.rs\/\",\"name\":\"Vinarija Aven\",\"description\":\"Blog i prodavnica za vino\",\"publisher\":{\"@id\":\"https:\/\/www.vinarijaaven.rs\/#organization\"},\"potentialAction\":[{\"@type\":\"SearchAction\",\"target\":{\"@type\":\"EntryPoint\",\"urlTemplate\":\"https:\/\/www.vinarijaaven.rs\/?s={search_term_string}\"},\"query-input\":\"required name=search_term_string\"}],\"inLanguage\":\"en-US\"},{\"@type\":\"Organization\",\"@id\":\"https:\/\/www.vinarijaaven.rs\/#organization\",\"name\":\"Vinarija Aven\",\"url\":\"https:\/\/www.vinarijaaven.rs\/\",\"logo\":{\"@type\":\"ImageObject\",\"inLanguage\":\"en-US\",\"@id\":\"https:\/\/www.vinarijaaven.rs\/#\/schema\/logo\/image\/\",\"url\":\"https:\/\/www.vinarijaaven.rs\/wp-content\/uploads\/2021\/05\/cropped-admin-ajax-1-2.png\",\"contentUrl\":\"https:\/\/www.vinarijaaven.rs\/wp-content\/uploads\/2021\/05\/cropped-admin-ajax-1-2.png\",\"width\":200,\"height\":203,\"caption\":\"Vinarija Aven\"},\"image\":{\"@id\":\"https:\/\/www.vinarijaaven.rs\/#\/schema\/logo\/image\/\"},\"sameAs\":[\"https:\/\/www.facebook.com\/profile.php?id=100057522158191\",\"https:\/\/www.instagram.com\/vinarija.aven\/\"]}]}<\/script>\n<!-- \/ Yoast SEO plugin. -->","yoast_head_json":{"title":"Vinarija Aven - Rose 2023","description":"Rose Aven vino procenat alkohola 14%. Ukus je srednje puno\u0107e i trajanja. Vinoje bogato alkoholom koji dobro nosi daju\u0107i mu obiljnosti i puno\u0107u. vinarijaaven","robots":{"index":"index","follow":"follow","max-snippet":"max-snippet:-1","max-image-preview":"max-image-preview:large","max-video-preview":"max-video-preview:-1"},"canonical":"https:\/\/www.vinarijaaven.rs\/en\/product\/rose\/","og_locale":"en_US","og_type":"article","og_title":"Vinarija Aven - Rose 2023","og_description":"Rose Aven vino procenat alkohola 14%. Ukus je srednje puno\u0107e i trajanja. Vinoje bogato alkoholom koji dobro nosi daju\u0107i mu obiljnosti i puno\u0107u. vinarijaaven","og_url":"https:\/\/www.vinarijaaven.rs\/en\/product\/rose\/","og_site_name":"Vinarija Aven","article_publisher":"https:\/\/www.facebook.com\/profile.php?id=100057522158191","article_modified_time":"2025-01-31T15:08:42+00:00","og_image":[{"width":900,"height":900,"url":"https:\/\/www.vinarijaaven.rs\/wp-content\/uploads\/2019\/06\/Aven-rose.jpg","type":"image\/jpeg"}],"twitter_card":"summary_large_image","twitter_misc":{"Est. reading time":"1 minute"},"schema":{"@context":"https:\/\/schema.org","@graph":[{"@type":"WebPage","@id":"https:\/\/www.vinarijaaven.rs\/product\/rose\/","url":"https:\/\/www.vinarijaaven.rs\/product\/rose\/","name":"Vinarija Aven - Rose 2023","isPartOf":{"@id":"https:\/\/www.vinarijaaven.rs\/#website"},"datePublished":"2019-06-19T08:39:06+00:00","dateModified":"2025-01-31T15:08:42+00:00","description":"Rose Aven vino procenat alkohola 14%. Ukus je srednje puno\u0107e i trajanja. Vinoje bogato alkoholom koji dobro nosi daju\u0107i mu obiljnosti i puno\u0107u. vinarijaaven","breadcrumb":{"@id":"https:\/\/www.vinarijaaven.rs\/product\/rose\/#breadcrumb"},"inLanguage":"en-US","potentialAction":[{"@type":"ReadAction","target":["https:\/\/www.vinarijaaven.rs\/product\/rose\/"]}]},{"@type":"BreadcrumbList","@id":"https:\/\/www.vinarijaaven.rs\/product\/rose\/#breadcrumb","itemListElement":[{"@type":"ListItem","position":1,"name":"Home","item":"https:\/\/www.vinarijaaven.rs\/"},{"@type":"ListItem","position":2,"name":"Proizvod","item":"https:\/\/www.vinarijaaven.rs\/proizvod\/"},{"@type":"ListItem","position":3,"name":"Rose 2023"}]},{"@type":"WebSite","@id":"https:\/\/www.vinarijaaven.rs\/#website","url":"https:\/\/www.vinarijaaven.rs\/","name":"Vinarija Aven","description":"Blog i prodavnica za vino","publisher":{"@id":"https:\/\/www.vinarijaaven.rs\/#organization"},"potentialAction":[{"@type":"SearchAction","target":{"@type":"EntryPoint","urlTemplate":"https:\/\/www.vinarijaaven.rs\/?s={search_term_string}"},"query-input":"required name=search_term_string"}],"inLanguage":"en-US"},{"@type":"Organization","@id":"https:\/\/www.vinarijaaven.rs\/#organization","name":"Vinarija Aven","url":"https:\/\/www.vinarijaaven.rs\/","logo":{"@type":"ImageObject","inLanguage":"en-US","@id":"https:\/\/www.vinarijaaven.rs\/#\/schema\/logo\/image\/","url":"https:\/\/www.vinarijaaven.rs\/wp-content\/uploads\/2021\/05\/cropped-admin-ajax-1-2.png","contentUrl":"https:\/\/www.vinarijaaven.rs\/wp-content\/uploads\/2021\/05\/cropped-admin-ajax-1-2.png","width":200,"height":203,"caption":"Vinarija Aven"},"image":{"@id":"https:\/\/www.vinarijaaven.rs\/#\/schema\/logo\/image\/"},"sameAs":["https:\/\/www.facebook.com\/profile.php?id=100057522158191","https:\/\/www.instagram.com\/vinarija.aven\/"]}]}},"_links":{"self":[{"href":"https:\/\/www.vinarijaaven.rs\/en\/wp-json\/wp\/v2\/product\/124"}],"collection":[{"href":"https:\/\/www.vinarijaaven.rs\/en\/wp-json\/wp\/v2\/product"}],"about":[{"href":"https:\/\/www.vinarijaaven.rs\/en\/wp-json\/wp\/v2\/types\/product"}],"replies":[{"embeddable":true,"href":"https:\/\/www.vinarijaaven.rs\/en\/wp-json\/wp\/v2\/comments?post=124"}],"wp:featuredmedia":[{"embeddable":true,"href":"https:\/\/www.vinarijaaven.rs\/en\/wp-json\/wp\/v2\/media\/1472"}],"wp:attachment":[{"href":"https:\/\/www.vinarijaaven.rs\/en\/wp-json\/wp\/v2\/media?parent=124"}],"wp:term":[{"taxonomy":"product_cat","embeddable":true,"href":"https:\/\/www.vinarijaaven.rs\/en\/wp-json\/wp\/v2\/product_cat?post=124"},{"taxonomy":"product_tag","embeddable":true,"href":"https:\/\/www.vinarijaaven.rs\/en\/wp-json\/wp\/v2\/product_tag?post=124"}],"curies":[{"name":"wp","href":"https:\/\/api.w.org\/{rel}","templated":true}]}}