{"id":1391,"date":"2023-11-13T10:51:09","date_gmt":"2023-11-13T10:51:09","guid":{"rendered":"https:\/\/www.vinarijaaven.rs\/?post_type=product&#038;p=1391"},"modified":"2023-11-22T19:54:42","modified_gmt":"2023-11-22T19:54:42","slug":"cabernet-sauvignon-2017","status":"publish","type":"product","link":"https:\/\/www.vinarijaaven.rs\/en\/product\/cabernet-sauvignon-2017\/","title":{"rendered":"Cabernet Sauvignon 2017"},"content":{"rendered":"<div dir=\"auto\"><\/div>\n<div dir=\"auto\">\n<h4>INFORMACIJE<\/h4>\n<p><a href=\"https:\/\/www.vinarijaaven.rs\/en\/product\/cabernet-sauvignon\/\">Cabernet Sauvignon intenzivne<\/a> rubin crvene boje.<br \/>\nMiris ozbiljan i sortan, slojevito se otvara kroz borovnicu, kupinu i crnu ribizlu,<br \/>\nsa nagove\u0161tajem slatkog korena (sladi\u0107) i diskretnim zamljanim tonovima.<\/p>\n<p>Na ukusu vo\u0107no uz nagove\u0161taj kedrovine i dima, puno i so\u010dno sa dobro integrisanim kiselinama i bogatim taninima koji omek\u0161avaju.<br \/>\nIzuzetno duge i postojane herbalne zavrsnice.<\/p>\n<\/div>","protected":false},"excerpt":{"rendered":"<div dir=\"auto\"><strong>Vinograd<\/strong><\/div>\n<div dir=\"auto\">Ekspozicija: jugo-istok<\/div>\n<div dir=\"auto\">Nadmorska visina: 320m<\/div>\n<div dir=\"auto\">Sorte: Cabernet Sauvignon<\/div>\n<div dir=\"auto\">Starost vinograda: 12 god<\/div>\n<div dir=\"auto\">Berba: 2017<\/div>\n<div dir=\"auto\"><\/div>\n<div dir=\"auto\"><strong>Podrum<\/strong><\/div>\n<div dir=\"auto\">Fermentacija: od 18-25\u00b0C<\/div>\n<div dir=\"auto\">Odle\u017eavanje: barik 14 meseci, boca 48 meseci<\/div>\n<div dir=\"auto\"><\/div>\n<div dir=\"auto\">Alkohol: 14,0%<\/div>\n<div dir=\"auto\">\u0160e\u0107er: 0,9 gr\/l<\/div>\n<div dir=\"auto\">Kiseline: 5,8 gr\/l<\/div>\n<div dir=\"auto\">SO2 90mg\/l<\/div>\n<div dir=\"auto\">pH 3,5<\/div>\n<div dir=\"auto\">Serviranje 16-18\u00b0C<\/div>","protected":false},"featured_media":1462,"comment_status":"closed","ping_status":"closed","template":"","meta":[],"product_cat":[28],"product_tag":[85,108,59,109,60,57],"yoast_head":"<!-- This site is optimized with the Yoast SEO plugin v21.5 - https:\/\/yoast.com\/wordpress\/plugins\/seo\/ -->\n<title>Cabernet Sauvignon 2017 - Vinarija Aven<\/title>\n<meta name=\"robots\" content=\"index, follow, max-snippet:-1, max-image-preview:large, max-video-preview:-1\" \/>\n<link rel=\"canonical\" href=\"https:\/\/www.vinarijaaven.rs\/en\/product\/cabernet-sauvignon-2017\/\" \/>\n<meta property=\"og:locale\" content=\"en_US\" \/>\n<meta property=\"og:type\" content=\"article\" \/>\n<meta property=\"og:title\" content=\"Cabernet Sauvignon 2017 - Vinarija Aven\" \/>\n<meta property=\"og:description\" content=\"Vinograd Ekspozicija: jugo-istok Nadmorska visina: 320m Sorte: Cabernet Sauvignon Starost vinograda: 12 god Berba: 2017  Podrum Fermentacija: od 18-25\u00b0C Odle\u017eavanje: barik 14 meseci, boca 48 meseci  Alkohol: 14,0% \u0160e\u0107er: 0,9 gr\/l Kiseline: 5,8 gr\/l SO2 90mg\/l pH 3,5 Serviranje 16-18\u00b0C\" \/>\n<meta property=\"og:url\" content=\"https:\/\/www.vinarijaaven.rs\/en\/product\/cabernet-sauvignon-2017\/\" \/>\n<meta property=\"og:site_name\" content=\"Vinarija Aven\" \/>\n<meta property=\"article:publisher\" content=\"https:\/\/www.facebook.com\/profile.php?id=100057522158191\" \/>\n<meta property=\"article:modified_time\" content=\"2023-11-22T19:54:42+00:00\" \/>\n<meta property=\"og:image\" content=\"https:\/\/www.vinarijaaven.rs\/wp-content\/uploads\/2023\/11\/Carbernet-Sauvignon-2017.jpg\" \/>\n\t<meta property=\"og:image:width\" content=\"900\" \/>\n\t<meta property=\"og:image:height\" content=\"900\" \/>\n\t<meta property=\"og:image:type\" content=\"image\/jpeg\" \/>\n<meta name=\"twitter:card\" content=\"summary_large_image\" \/>\n<meta name=\"twitter:label1\" content=\"Est. reading time\" \/>\n\t<meta name=\"twitter:data1\" content=\"1 minute\" \/>\n<script type=\"application\/ld+json\" class=\"yoast-schema-graph\">{\"@context\":\"https:\/\/schema.org\",\"@graph\":[{\"@type\":\"WebPage\",\"@id\":\"https:\/\/www.vinarijaaven.rs\/product\/cabernet-sauvignon-2017\/\",\"url\":\"https:\/\/www.vinarijaaven.rs\/product\/cabernet-sauvignon-2017\/\",\"name\":\"Cabernet Sauvignon 2017 - Vinarija Aven\",\"isPartOf\":{\"@id\":\"https:\/\/www.vinarijaaven.rs\/#website\"},\"datePublished\":\"2023-11-13T10:51:09+00:00\",\"dateModified\":\"2023-11-22T19:54:42+00:00\",\"breadcrumb\":{\"@id\":\"https:\/\/www.vinarijaaven.rs\/product\/cabernet-sauvignon-2017\/#breadcrumb\"},\"inLanguage\":\"en-US\",\"potentialAction\":[{\"@type\":\"ReadAction\",\"target\":[\"https:\/\/www.vinarijaaven.rs\/product\/cabernet-sauvignon-2017\/\"]}]},{\"@type\":\"BreadcrumbList\",\"@id\":\"https:\/\/www.vinarijaaven.rs\/product\/cabernet-sauvignon-2017\/#breadcrumb\",\"itemListElement\":[{\"@type\":\"ListItem\",\"position\":1,\"name\":\"Home\",\"item\":\"https:\/\/www.vinarijaaven.rs\/\"},{\"@type\":\"ListItem\",\"position\":2,\"name\":\"Proizvod\",\"item\":\"https:\/\/www.vinarijaaven.rs\/proizvod\/\"},{\"@type\":\"ListItem\",\"position\":3,\"name\":\"Cabernet Sauvignon 2017\"}]},{\"@type\":\"WebSite\",\"@id\":\"https:\/\/www.vinarijaaven.rs\/#website\",\"url\":\"https:\/\/www.vinarijaaven.rs\/\",\"name\":\"Vinarija Aven\",\"description\":\"Blog i prodavnica za vino\",\"publisher\":{\"@id\":\"https:\/\/www.vinarijaaven.rs\/#organization\"},\"potentialAction\":[{\"@type\":\"SearchAction\",\"target\":{\"@type\":\"EntryPoint\",\"urlTemplate\":\"https:\/\/www.vinarijaaven.rs\/?s={search_term_string}\"},\"query-input\":\"required name=search_term_string\"}],\"inLanguage\":\"en-US\"},{\"@type\":\"Organization\",\"@id\":\"https:\/\/www.vinarijaaven.rs\/#organization\",\"name\":\"Vinarija Aven\",\"url\":\"https:\/\/www.vinarijaaven.rs\/\",\"logo\":{\"@type\":\"ImageObject\",\"inLanguage\":\"en-US\",\"@id\":\"https:\/\/www.vinarijaaven.rs\/#\/schema\/logo\/image\/\",\"url\":\"https:\/\/www.vinarijaaven.rs\/wp-content\/uploads\/2021\/05\/cropped-admin-ajax-1-2.png\",\"contentUrl\":\"https:\/\/www.vinarijaaven.rs\/wp-content\/uploads\/2021\/05\/cropped-admin-ajax-1-2.png\",\"width\":200,\"height\":203,\"caption\":\"Vinarija Aven\"},\"image\":{\"@id\":\"https:\/\/www.vinarijaaven.rs\/#\/schema\/logo\/image\/\"},\"sameAs\":[\"https:\/\/www.facebook.com\/profile.php?id=100057522158191\",\"https:\/\/www.instagram.com\/vinarija.aven\/\"]}]}<\/script>\n<!-- \/ Yoast SEO plugin. -->","yoast_head_json":{"title":"Cabernet Sauvignon 2017 - Vinarija Aven","robots":{"index":"index","follow":"follow","max-snippet":"max-snippet:-1","max-image-preview":"max-image-preview:large","max-video-preview":"max-video-preview:-1"},"canonical":"https:\/\/www.vinarijaaven.rs\/en\/product\/cabernet-sauvignon-2017\/","og_locale":"en_US","og_type":"article","og_title":"Cabernet Sauvignon 2017 - Vinarija Aven","og_description":"Vinograd Ekspozicija: jugo-istok Nadmorska visina: 320m Sorte: Cabernet Sauvignon Starost vinograda: 12 god Berba: 2017  Podrum Fermentacija: od 18-25\u00b0C Odle\u017eavanje: barik 14 meseci, boca 48 meseci  Alkohol: 14,0% \u0160e\u0107er: 0,9 gr\/l Kiseline: 5,8 gr\/l SO2 90mg\/l pH 3,5 Serviranje 16-18\u00b0C","og_url":"https:\/\/www.vinarijaaven.rs\/en\/product\/cabernet-sauvignon-2017\/","og_site_name":"Vinarija Aven","article_publisher":"https:\/\/www.facebook.com\/profile.php?id=100057522158191","article_modified_time":"2023-11-22T19:54:42+00:00","og_image":[{"width":900,"height":900,"url":"https:\/\/www.vinarijaaven.rs\/wp-content\/uploads\/2023\/11\/Carbernet-Sauvignon-2017.jpg","type":"image\/jpeg"}],"twitter_card":"summary_large_image","twitter_misc":{"Est. reading time":"1 minute"},"schema":{"@context":"https:\/\/schema.org","@graph":[{"@type":"WebPage","@id":"https:\/\/www.vinarijaaven.rs\/product\/cabernet-sauvignon-2017\/","url":"https:\/\/www.vinarijaaven.rs\/product\/cabernet-sauvignon-2017\/","name":"Cabernet Sauvignon 2017 - Vinarija Aven","isPartOf":{"@id":"https:\/\/www.vinarijaaven.rs\/#website"},"datePublished":"2023-11-13T10:51:09+00:00","dateModified":"2023-11-22T19:54:42+00:00","breadcrumb":{"@id":"https:\/\/www.vinarijaaven.rs\/product\/cabernet-sauvignon-2017\/#breadcrumb"},"inLanguage":"en-US","potentialAction":[{"@type":"ReadAction","target":["https:\/\/www.vinarijaaven.rs\/product\/cabernet-sauvignon-2017\/"]}]},{"@type":"BreadcrumbList","@id":"https:\/\/www.vinarijaaven.rs\/product\/cabernet-sauvignon-2017\/#breadcrumb","itemListElement":[{"@type":"ListItem","position":1,"name":"Home","item":"https:\/\/www.vinarijaaven.rs\/"},{"@type":"ListItem","position":2,"name":"Proizvod","item":"https:\/\/www.vinarijaaven.rs\/proizvod\/"},{"@type":"ListItem","position":3,"name":"Cabernet Sauvignon 2017"}]},{"@type":"WebSite","@id":"https:\/\/www.vinarijaaven.rs\/#website","url":"https:\/\/www.vinarijaaven.rs\/","name":"Vinarija Aven","description":"Blog i prodavnica za vino","publisher":{"@id":"https:\/\/www.vinarijaaven.rs\/#organization"},"potentialAction":[{"@type":"SearchAction","target":{"@type":"EntryPoint","urlTemplate":"https:\/\/www.vinarijaaven.rs\/?s={search_term_string}"},"query-input":"required name=search_term_string"}],"inLanguage":"en-US"},{"@type":"Organization","@id":"https:\/\/www.vinarijaaven.rs\/#organization","name":"Vinarija Aven","url":"https:\/\/www.vinarijaaven.rs\/","logo":{"@type":"ImageObject","inLanguage":"en-US","@id":"https:\/\/www.vinarijaaven.rs\/#\/schema\/logo\/image\/","url":"https:\/\/www.vinarijaaven.rs\/wp-content\/uploads\/2021\/05\/cropped-admin-ajax-1-2.png","contentUrl":"https:\/\/www.vinarijaaven.rs\/wp-content\/uploads\/2021\/05\/cropped-admin-ajax-1-2.png","width":200,"height":203,"caption":"Vinarija Aven"},"image":{"@id":"https:\/\/www.vinarijaaven.rs\/#\/schema\/logo\/image\/"},"sameAs":["https:\/\/www.facebook.com\/profile.php?id=100057522158191","https:\/\/www.instagram.com\/vinarija.aven\/"]}]}},"_links":{"self":[{"href":"https:\/\/www.vinarijaaven.rs\/en\/wp-json\/wp\/v2\/product\/1391"}],"collection":[{"href":"https:\/\/www.vinarijaaven.rs\/en\/wp-json\/wp\/v2\/product"}],"about":[{"href":"https:\/\/www.vinarijaaven.rs\/en\/wp-json\/wp\/v2\/types\/product"}],"replies":[{"embeddable":true,"href":"https:\/\/www.vinarijaaven.rs\/en\/wp-json\/wp\/v2\/comments?post=1391"}],"wp:featuredmedia":[{"embeddable":true,"href":"https:\/\/www.vinarijaaven.rs\/en\/wp-json\/wp\/v2\/media\/1462"}],"wp:attachment":[{"href":"https:\/\/www.vinarijaaven.rs\/en\/wp-json\/wp\/v2\/media?parent=1391"}],"wp:term":[{"taxonomy":"product_cat","embeddable":true,"href":"https:\/\/www.vinarijaaven.rs\/en\/wp-json\/wp\/v2\/product_cat?post=1391"},{"taxonomy":"product_tag","embeddable":true,"href":"https:\/\/www.vinarijaaven.rs\/en\/wp-json\/wp\/v2\/product_tag?post=1391"}],"curies":[{"name":"wp","href":"https:\/\/api.w.org\/{rel}","templated":true}]}}