{"id":190,"date":"2019-07-24T06:13:47","date_gmt":"2019-07-24T06:13:47","guid":{"rendered":"https:\/\/www.vinarijaaven.rs\/?post_type=product&#038;p=190"},"modified":"2023-11-22T19:58:20","modified_gmt":"2023-11-22T19:58:20","slug":"merlot-2018","status":"publish","type":"product","link":"https:\/\/www.vinarijaaven.rs\/en\/product\/merlot-2018\/","title":{"rendered":"Merlot 2018"},"content":{"rendered":"<h4>INFORMACIJE<\/h4>\n<p><a href=\"https:\/\/www.vinarijaaven.rs\/en\/product\/merlot-aven\/\">Merlot Aven rubin crvene boje<\/a> srednjeg intenziteta.<br \/>\nMiris je intenzivan i sortan na \u0161ljive uz delikatno primese<br \/>\nzemljanih tonova i za\u010dina. Otvaraju se tonovi marmelade od<br \/>\n\u0161umskih jagoda, brusnica, borovnica.<\/p>\n<p>Ukus pun i zaokru\u017een zrelim taninima. Zavr\u0161nica so\u010dna i duga<br \/>\nodi\u0161e sve\u017einom kroz prizvuk vegetalnih tonova.<\/p>\n<p>&nbsp;<\/p>","protected":false},"excerpt":{"rendered":"<p><strong>VINOGRAD<\/strong><\/p>\n<p>Lokalitet: \u017dupa aleksandrova\u010dka<br \/>\nEkspozicija: jugoistok<br \/>\nNadmorska visina: 300 m<br \/>\nSorte: Merlot 100%<br \/>\nStarost vinograda: 10 godina, prinos do 2 kg po \u010dokotu<br \/>\nBerba: 2018<\/p>\n<p><strong>PODRUM<\/strong><\/p>\n<p>Fermentacija: od 22 do 28\u00b0C<br \/>\nOdle\u017eavanje: barik burad &#8211; srpski hrast, madjarski hrast<\/p>\n<p>Gastro savet: jagnjetina, pa\u010detina, laganija divlja\u010d, zreli sirevi,<br \/>\nmasnija riba.<\/p>\n<p>Alkohol: 14%<br \/>\n\u0160e\u0107er:2,6gr\/l<br \/>\nKiseline:5,2g\/l<br \/>\nSO2 62mg\/l<br \/>\npH:3,76<br \/>\nServiranje. 18-20\u00b0C<\/p>","protected":false},"featured_media":1469,"comment_status":"closed","ping_status":"closed","template":"","meta":[],"product_cat":[29],"product_tag":[48,45,44,47,46],"yoast_head":"<!-- This site is optimized with the Yoast SEO plugin v21.5 - https:\/\/yoast.com\/wordpress\/plugins\/seo\/ -->\n<title>Vinarija Aven - Merlot 2018<\/title>\n<meta name=\"description\" content=\"Merlot Aven rubin crvene boje srednjeg intenziteta.Miris je intenzivan i sortan na \u0161ljive uz delikatno primesezemljanih tonova i za\u010dina.\" \/>\n<meta name=\"robots\" content=\"index, follow, max-snippet:-1, max-image-preview:large, max-video-preview:-1\" \/>\n<link rel=\"canonical\" href=\"https:\/\/www.vinarijaaven.rs\/en\/product\/merlot-2018\/\" \/>\n<meta property=\"og:locale\" content=\"en_US\" \/>\n<meta property=\"og:type\" content=\"article\" \/>\n<meta property=\"og:title\" content=\"Vinarija Aven - Merlot 2018\" \/>\n<meta property=\"og:description\" content=\"Merlot Aven rubin crvene boje srednjeg intenziteta.Miris je intenzivan i sortan na \u0161ljive uz delikatno primesezemljanih tonova i za\u010dina.\" \/>\n<meta property=\"og:url\" content=\"https:\/\/www.vinarijaaven.rs\/en\/product\/merlot-2018\/\" \/>\n<meta property=\"og:site_name\" content=\"Vinarija Aven\" \/>\n<meta property=\"article:publisher\" content=\"https:\/\/www.facebook.com\/profile.php?id=100057522158191\" \/>\n<meta property=\"article:modified_time\" content=\"2023-11-22T19:58:20+00:00\" \/>\n<meta property=\"og:image\" content=\"https:\/\/www.vinarijaaven.rs\/wp-content\/uploads\/2019\/07\/Merlot-2018-2.jpg\" \/>\n\t<meta property=\"og:image:width\" content=\"900\" \/>\n\t<meta property=\"og:image:height\" content=\"900\" \/>\n\t<meta property=\"og:image:type\" content=\"image\/jpeg\" \/>\n<meta name=\"twitter:card\" content=\"summary_large_image\" \/>\n<meta name=\"twitter:label1\" content=\"Est. reading time\" \/>\n\t<meta name=\"twitter:data1\" content=\"1 minute\" \/>\n<script type=\"application\/ld+json\" class=\"yoast-schema-graph\">{\"@context\":\"https:\/\/schema.org\",\"@graph\":[{\"@type\":\"WebPage\",\"@id\":\"https:\/\/www.vinarijaaven.rs\/product\/merlot-2018\/\",\"url\":\"https:\/\/www.vinarijaaven.rs\/product\/merlot-2018\/\",\"name\":\"Vinarija Aven - Merlot 2018\",\"isPartOf\":{\"@id\":\"https:\/\/www.vinarijaaven.rs\/#website\"},\"datePublished\":\"2019-07-24T06:13:47+00:00\",\"dateModified\":\"2023-11-22T19:58:20+00:00\",\"description\":\"Merlot Aven rubin crvene boje srednjeg intenziteta.Miris je intenzivan i sortan na \u0161ljive uz delikatno primesezemljanih tonova i za\u010dina.\",\"breadcrumb\":{\"@id\":\"https:\/\/www.vinarijaaven.rs\/product\/merlot-2018\/#breadcrumb\"},\"inLanguage\":\"en-US\",\"potentialAction\":[{\"@type\":\"ReadAction\",\"target\":[\"https:\/\/www.vinarijaaven.rs\/product\/merlot-2018\/\"]}]},{\"@type\":\"BreadcrumbList\",\"@id\":\"https:\/\/www.vinarijaaven.rs\/product\/merlot-2018\/#breadcrumb\",\"itemListElement\":[{\"@type\":\"ListItem\",\"position\":1,\"name\":\"Home\",\"item\":\"https:\/\/www.vinarijaaven.rs\/\"},{\"@type\":\"ListItem\",\"position\":2,\"name\":\"Proizvod\",\"item\":\"https:\/\/www.vinarijaaven.rs\/proizvod\/\"},{\"@type\":\"ListItem\",\"position\":3,\"name\":\"Merlot 2018\"}]},{\"@type\":\"WebSite\",\"@id\":\"https:\/\/www.vinarijaaven.rs\/#website\",\"url\":\"https:\/\/www.vinarijaaven.rs\/\",\"name\":\"Vinarija Aven\",\"description\":\"Blog i prodavnica za vino\",\"publisher\":{\"@id\":\"https:\/\/www.vinarijaaven.rs\/#organization\"},\"potentialAction\":[{\"@type\":\"SearchAction\",\"target\":{\"@type\":\"EntryPoint\",\"urlTemplate\":\"https:\/\/www.vinarijaaven.rs\/?s={search_term_string}\"},\"query-input\":\"required name=search_term_string\"}],\"inLanguage\":\"en-US\"},{\"@type\":\"Organization\",\"@id\":\"https:\/\/www.vinarijaaven.rs\/#organization\",\"name\":\"Vinarija Aven\",\"url\":\"https:\/\/www.vinarijaaven.rs\/\",\"logo\":{\"@type\":\"ImageObject\",\"inLanguage\":\"en-US\",\"@id\":\"https:\/\/www.vinarijaaven.rs\/#\/schema\/logo\/image\/\",\"url\":\"https:\/\/www.vinarijaaven.rs\/wp-content\/uploads\/2021\/05\/cropped-admin-ajax-1-2.png\",\"contentUrl\":\"https:\/\/www.vinarijaaven.rs\/wp-content\/uploads\/2021\/05\/cropped-admin-ajax-1-2.png\",\"width\":200,\"height\":203,\"caption\":\"Vinarija Aven\"},\"image\":{\"@id\":\"https:\/\/www.vinarijaaven.rs\/#\/schema\/logo\/image\/\"},\"sameAs\":[\"https:\/\/www.facebook.com\/profile.php?id=100057522158191\",\"https:\/\/www.instagram.com\/vinarija.aven\/\"]}]}<\/script>\n<!-- \/ Yoast SEO plugin. -->","yoast_head_json":{"title":"Vinarija Aven - Merlot 2018","description":"Merlot Aven rubin crvene boje srednjeg intenziteta.Miris je intenzivan i sortan na \u0161ljive uz delikatno primesezemljanih tonova i za\u010dina.","robots":{"index":"index","follow":"follow","max-snippet":"max-snippet:-1","max-image-preview":"max-image-preview:large","max-video-preview":"max-video-preview:-1"},"canonical":"https:\/\/www.vinarijaaven.rs\/en\/product\/merlot-2018\/","og_locale":"en_US","og_type":"article","og_title":"Vinarija Aven - Merlot 2018","og_description":"Merlot Aven rubin crvene boje srednjeg intenziteta.Miris je intenzivan i sortan na \u0161ljive uz delikatno primesezemljanih tonova i za\u010dina.","og_url":"https:\/\/www.vinarijaaven.rs\/en\/product\/merlot-2018\/","og_site_name":"Vinarija Aven","article_publisher":"https:\/\/www.facebook.com\/profile.php?id=100057522158191","article_modified_time":"2023-11-22T19:58:20+00:00","og_image":[{"width":900,"height":900,"url":"https:\/\/www.vinarijaaven.rs\/wp-content\/uploads\/2019\/07\/Merlot-2018-2.jpg","type":"image\/jpeg"}],"twitter_card":"summary_large_image","twitter_misc":{"Est. reading time":"1 minute"},"schema":{"@context":"https:\/\/schema.org","@graph":[{"@type":"WebPage","@id":"https:\/\/www.vinarijaaven.rs\/product\/merlot-2018\/","url":"https:\/\/www.vinarijaaven.rs\/product\/merlot-2018\/","name":"Vinarija Aven - Merlot 2018","isPartOf":{"@id":"https:\/\/www.vinarijaaven.rs\/#website"},"datePublished":"2019-07-24T06:13:47+00:00","dateModified":"2023-11-22T19:58:20+00:00","description":"Merlot Aven rubin crvene boje srednjeg intenziteta.Miris je intenzivan i sortan na \u0161ljive uz delikatno primesezemljanih tonova i za\u010dina.","breadcrumb":{"@id":"https:\/\/www.vinarijaaven.rs\/product\/merlot-2018\/#breadcrumb"},"inLanguage":"en-US","potentialAction":[{"@type":"ReadAction","target":["https:\/\/www.vinarijaaven.rs\/product\/merlot-2018\/"]}]},{"@type":"BreadcrumbList","@id":"https:\/\/www.vinarijaaven.rs\/product\/merlot-2018\/#breadcrumb","itemListElement":[{"@type":"ListItem","position":1,"name":"Home","item":"https:\/\/www.vinarijaaven.rs\/"},{"@type":"ListItem","position":2,"name":"Proizvod","item":"https:\/\/www.vinarijaaven.rs\/proizvod\/"},{"@type":"ListItem","position":3,"name":"Merlot 2018"}]},{"@type":"WebSite","@id":"https:\/\/www.vinarijaaven.rs\/#website","url":"https:\/\/www.vinarijaaven.rs\/","name":"Vinarija Aven","description":"Blog i prodavnica za vino","publisher":{"@id":"https:\/\/www.vinarijaaven.rs\/#organization"},"potentialAction":[{"@type":"SearchAction","target":{"@type":"EntryPoint","urlTemplate":"https:\/\/www.vinarijaaven.rs\/?s={search_term_string}"},"query-input":"required name=search_term_string"}],"inLanguage":"en-US"},{"@type":"Organization","@id":"https:\/\/www.vinarijaaven.rs\/#organization","name":"Vinarija Aven","url":"https:\/\/www.vinarijaaven.rs\/","logo":{"@type":"ImageObject","inLanguage":"en-US","@id":"https:\/\/www.vinarijaaven.rs\/#\/schema\/logo\/image\/","url":"https:\/\/www.vinarijaaven.rs\/wp-content\/uploads\/2021\/05\/cropped-admin-ajax-1-2.png","contentUrl":"https:\/\/www.vinarijaaven.rs\/wp-content\/uploads\/2021\/05\/cropped-admin-ajax-1-2.png","width":200,"height":203,"caption":"Vinarija Aven"},"image":{"@id":"https:\/\/www.vinarijaaven.rs\/#\/schema\/logo\/image\/"},"sameAs":["https:\/\/www.facebook.com\/profile.php?id=100057522158191","https:\/\/www.instagram.com\/vinarija.aven\/"]}]}},"_links":{"self":[{"href":"https:\/\/www.vinarijaaven.rs\/en\/wp-json\/wp\/v2\/product\/190"}],"collection":[{"href":"https:\/\/www.vinarijaaven.rs\/en\/wp-json\/wp\/v2\/product"}],"about":[{"href":"https:\/\/www.vinarijaaven.rs\/en\/wp-json\/wp\/v2\/types\/product"}],"replies":[{"embeddable":true,"href":"https:\/\/www.vinarijaaven.rs\/en\/wp-json\/wp\/v2\/comments?post=190"}],"wp:featuredmedia":[{"embeddable":true,"href":"https:\/\/www.vinarijaaven.rs\/en\/wp-json\/wp\/v2\/media\/1469"}],"wp:attachment":[{"href":"https:\/\/www.vinarijaaven.rs\/en\/wp-json\/wp\/v2\/media?parent=190"}],"wp:term":[{"taxonomy":"product_cat","embeddable":true,"href":"https:\/\/www.vinarijaaven.rs\/en\/wp-json\/wp\/v2\/product_cat?post=190"},{"taxonomy":"product_tag","embeddable":true,"href":"https:\/\/www.vinarijaaven.rs\/en\/wp-json\/wp\/v2\/product_tag?post=190"}],"curies":[{"name":"wp","href":"https:\/\/api.w.org\/{rel}","templated":true}]}}