{"id":278,"date":"2019-07-26T13:22:30","date_gmt":"2019-07-26T13:22:30","guid":{"rendered":"https:\/\/www.vinarijaaven.rs\/?post_type=product&#038;p=278"},"modified":"2023-11-22T19:57:38","modified_gmt":"2023-11-22T19:57:38","slug":"rajnski-rizling","status":"publish","type":"product","link":"https:\/\/www.vinarijaaven.rs\/en\/product\/rajnski-rizling\/","title":{"rendered":"Rajnski Rizling 2018"},"content":{"rendered":"<h4>INFORMACIJE<\/h4>\n<p><a href=\"https:\/\/www.vinarijaaven.rs\/en\/product\/rajanski-rizling\/\">Rajnski Rizling limun \u017euta<\/a> boja srednjeg intenziteta. Kristalna bistrina uz<br \/>\numerenu viskoznost vina.<\/p>\n<p>Miris je uzdr\u017eano sortan, delikatno vo\u0107an i mineralan.<br \/>\nDominira \u017euto vo\u0107e: jabuke, kru\u0161ka, dunje sa delikatnim<br \/>\nkremastim tonovima i naznakama petroleja.<\/p>\n<p>Na ukusu vino je suvo sa vibrantnim kiselinama, srednjeg<br \/>\ntela i umereno duge zavr\u0161nice. Pro\u017eimaju se kora jabuke sa<br \/>\nkoricom hleba i naznakama petroleja.<\/p>\n<p>U vinu mo\u017ee da se u\u017eiva sada ali \u0107e se dodatno razvijati<br \/>\ni u boci.<\/p>","protected":false},"excerpt":{"rendered":"<p><strong>VINOGRAD<\/strong><\/p>\n<p>Lokalitet: Fru\u0161ka gora, Novi Slankamen<br \/>\nEkspozicija: Jugoistok<br \/>\nNadmorska visina: 243 m<br \/>\nSorte: Rajnski rizling<br \/>\nStarost vinograda 12 god, prinos 2 kg po \u010dokotu<br \/>\nBerba: 2018<\/p>\n<p><strong>PODRUM<\/strong><\/p>\n<p>Fermentacija: od 16 do 20\u00b0C<br \/>\nOdle\u017eavanje: inox<\/p>\n<p>Gastro savet: jela tipa; sushi, bela riba, plodovi mora, svetla<br \/>\nmesa, sezonske salate, pita sa jabukama, paste\/rizota sa<br \/>\nprethodno navedenim.<\/p>\n<p>Alkohol: 12,5%<br \/>\n\u0160e\u0107er: 2,9 gr\/l<br \/>\nKiseline: 6,0<br \/>\nSO2 110 mg\/l<br \/>\npH: 3,16<br \/>\nServiranje. 12-14\u00b0C<\/p>","protected":false},"featured_media":1470,"comment_status":"closed","ping_status":"closed","template":"","meta":[],"product_cat":[30],"product_tag":[49,51,52,50,53],"yoast_head":"<!-- This site is optimized with the Yoast SEO plugin v21.5 - https:\/\/yoast.com\/wordpress\/plugins\/seo\/ -->\n<title>Vinarija Aven - Rajnski Rizling 2018<\/title>\n<meta name=\"description\" content=\"Rajnski Rizling je jedno od belih vina sa nase Fruske gore i vinograda koji je star 12 godina. Kombinujte ga uz sushi, belu ribu, plodove mora.\" \/>\n<meta name=\"robots\" content=\"index, follow, max-snippet:-1, max-image-preview:large, max-video-preview:-1\" \/>\n<link rel=\"canonical\" href=\"https:\/\/www.vinarijaaven.rs\/en\/product\/rajnski-rizling\/\" \/>\n<meta property=\"og:locale\" content=\"en_US\" \/>\n<meta property=\"og:type\" content=\"article\" \/>\n<meta property=\"og:title\" content=\"Vinarija Aven - Rajnski Rizling 2018\" \/>\n<meta property=\"og:description\" content=\"Rajnski Rizling je jedno od belih vina sa nase Fruske gore i vinograda koji je star 12 godina. Kombinujte ga uz sushi, belu ribu, plodove mora.\" \/>\n<meta property=\"og:url\" content=\"https:\/\/www.vinarijaaven.rs\/en\/product\/rajnski-rizling\/\" \/>\n<meta property=\"og:site_name\" content=\"Vinarija Aven\" \/>\n<meta property=\"article:publisher\" content=\"https:\/\/www.facebook.com\/profile.php?id=100057522158191\" \/>\n<meta property=\"article:modified_time\" content=\"2023-11-22T19:57:38+00:00\" \/>\n<meta property=\"og:image\" content=\"https:\/\/www.vinarijaaven.rs\/wp-content\/uploads\/2019\/07\/rajnski-rizling.jpg\" \/>\n\t<meta property=\"og:image:width\" content=\"900\" \/>\n\t<meta property=\"og:image:height\" content=\"900\" \/>\n\t<meta property=\"og:image:type\" content=\"image\/jpeg\" \/>\n<meta name=\"twitter:card\" content=\"summary_large_image\" \/>\n<meta name=\"twitter:label1\" content=\"Est. reading time\" \/>\n\t<meta name=\"twitter:data1\" content=\"1 minute\" \/>\n<script type=\"application\/ld+json\" class=\"yoast-schema-graph\">{\"@context\":\"https:\/\/schema.org\",\"@graph\":[{\"@type\":\"WebPage\",\"@id\":\"https:\/\/www.vinarijaaven.rs\/product\/rajnski-rizling\/\",\"url\":\"https:\/\/www.vinarijaaven.rs\/product\/rajnski-rizling\/\",\"name\":\"Vinarija Aven - Rajnski Rizling 2018\",\"isPartOf\":{\"@id\":\"https:\/\/www.vinarijaaven.rs\/#website\"},\"datePublished\":\"2019-07-26T13:22:30+00:00\",\"dateModified\":\"2023-11-22T19:57:38+00:00\",\"description\":\"Rajnski Rizling je jedno od belih vina sa nase Fruske gore i vinograda koji je star 12 godina. Kombinujte ga uz sushi, belu ribu, plodove mora.\",\"breadcrumb\":{\"@id\":\"https:\/\/www.vinarijaaven.rs\/product\/rajnski-rizling\/#breadcrumb\"},\"inLanguage\":\"en-US\",\"potentialAction\":[{\"@type\":\"ReadAction\",\"target\":[\"https:\/\/www.vinarijaaven.rs\/product\/rajnski-rizling\/\"]}]},{\"@type\":\"BreadcrumbList\",\"@id\":\"https:\/\/www.vinarijaaven.rs\/product\/rajnski-rizling\/#breadcrumb\",\"itemListElement\":[{\"@type\":\"ListItem\",\"position\":1,\"name\":\"Home\",\"item\":\"https:\/\/www.vinarijaaven.rs\/\"},{\"@type\":\"ListItem\",\"position\":2,\"name\":\"Proizvod\",\"item\":\"https:\/\/www.vinarijaaven.rs\/proizvod\/\"},{\"@type\":\"ListItem\",\"position\":3,\"name\":\"Rajnski Rizling 2018\"}]},{\"@type\":\"WebSite\",\"@id\":\"https:\/\/www.vinarijaaven.rs\/#website\",\"url\":\"https:\/\/www.vinarijaaven.rs\/\",\"name\":\"Vinarija Aven\",\"description\":\"Blog i prodavnica za vino\",\"publisher\":{\"@id\":\"https:\/\/www.vinarijaaven.rs\/#organization\"},\"potentialAction\":[{\"@type\":\"SearchAction\",\"target\":{\"@type\":\"EntryPoint\",\"urlTemplate\":\"https:\/\/www.vinarijaaven.rs\/?s={search_term_string}\"},\"query-input\":\"required name=search_term_string\"}],\"inLanguage\":\"en-US\"},{\"@type\":\"Organization\",\"@id\":\"https:\/\/www.vinarijaaven.rs\/#organization\",\"name\":\"Vinarija Aven\",\"url\":\"https:\/\/www.vinarijaaven.rs\/\",\"logo\":{\"@type\":\"ImageObject\",\"inLanguage\":\"en-US\",\"@id\":\"https:\/\/www.vinarijaaven.rs\/#\/schema\/logo\/image\/\",\"url\":\"https:\/\/www.vinarijaaven.rs\/wp-content\/uploads\/2021\/05\/cropped-admin-ajax-1-2.png\",\"contentUrl\":\"https:\/\/www.vinarijaaven.rs\/wp-content\/uploads\/2021\/05\/cropped-admin-ajax-1-2.png\",\"width\":200,\"height\":203,\"caption\":\"Vinarija Aven\"},\"image\":{\"@id\":\"https:\/\/www.vinarijaaven.rs\/#\/schema\/logo\/image\/\"},\"sameAs\":[\"https:\/\/www.facebook.com\/profile.php?id=100057522158191\",\"https:\/\/www.instagram.com\/vinarija.aven\/\"]}]}<\/script>\n<!-- \/ Yoast SEO plugin. -->","yoast_head_json":{"title":"Vinarija Aven - Rajnski Rizling 2018","description":"Rajnski Rizling je jedno od belih vina sa nase Fruske gore i vinograda koji je star 12 godina. Kombinujte ga uz sushi, belu ribu, plodove mora.","robots":{"index":"index","follow":"follow","max-snippet":"max-snippet:-1","max-image-preview":"max-image-preview:large","max-video-preview":"max-video-preview:-1"},"canonical":"https:\/\/www.vinarijaaven.rs\/en\/product\/rajnski-rizling\/","og_locale":"en_US","og_type":"article","og_title":"Vinarija Aven - Rajnski Rizling 2018","og_description":"Rajnski Rizling je jedno od belih vina sa nase Fruske gore i vinograda koji je star 12 godina. Kombinujte ga uz sushi, belu ribu, plodove mora.","og_url":"https:\/\/www.vinarijaaven.rs\/en\/product\/rajnski-rizling\/","og_site_name":"Vinarija Aven","article_publisher":"https:\/\/www.facebook.com\/profile.php?id=100057522158191","article_modified_time":"2023-11-22T19:57:38+00:00","og_image":[{"width":900,"height":900,"url":"https:\/\/www.vinarijaaven.rs\/wp-content\/uploads\/2019\/07\/rajnski-rizling.jpg","type":"image\/jpeg"}],"twitter_card":"summary_large_image","twitter_misc":{"Est. reading time":"1 minute"},"schema":{"@context":"https:\/\/schema.org","@graph":[{"@type":"WebPage","@id":"https:\/\/www.vinarijaaven.rs\/product\/rajnski-rizling\/","url":"https:\/\/www.vinarijaaven.rs\/product\/rajnski-rizling\/","name":"Vinarija Aven - Rajnski Rizling 2018","isPartOf":{"@id":"https:\/\/www.vinarijaaven.rs\/#website"},"datePublished":"2019-07-26T13:22:30+00:00","dateModified":"2023-11-22T19:57:38+00:00","description":"Rajnski Rizling je jedno od belih vina sa nase Fruske gore i vinograda koji je star 12 godina. Kombinujte ga uz sushi, belu ribu, plodove mora.","breadcrumb":{"@id":"https:\/\/www.vinarijaaven.rs\/product\/rajnski-rizling\/#breadcrumb"},"inLanguage":"en-US","potentialAction":[{"@type":"ReadAction","target":["https:\/\/www.vinarijaaven.rs\/product\/rajnski-rizling\/"]}]},{"@type":"BreadcrumbList","@id":"https:\/\/www.vinarijaaven.rs\/product\/rajnski-rizling\/#breadcrumb","itemListElement":[{"@type":"ListItem","position":1,"name":"Home","item":"https:\/\/www.vinarijaaven.rs\/"},{"@type":"ListItem","position":2,"name":"Proizvod","item":"https:\/\/www.vinarijaaven.rs\/proizvod\/"},{"@type":"ListItem","position":3,"name":"Rajnski Rizling 2018"}]},{"@type":"WebSite","@id":"https:\/\/www.vinarijaaven.rs\/#website","url":"https:\/\/www.vinarijaaven.rs\/","name":"Vinarija Aven","description":"Blog i prodavnica za vino","publisher":{"@id":"https:\/\/www.vinarijaaven.rs\/#organization"},"potentialAction":[{"@type":"SearchAction","target":{"@type":"EntryPoint","urlTemplate":"https:\/\/www.vinarijaaven.rs\/?s={search_term_string}"},"query-input":"required name=search_term_string"}],"inLanguage":"en-US"},{"@type":"Organization","@id":"https:\/\/www.vinarijaaven.rs\/#organization","name":"Vinarija Aven","url":"https:\/\/www.vinarijaaven.rs\/","logo":{"@type":"ImageObject","inLanguage":"en-US","@id":"https:\/\/www.vinarijaaven.rs\/#\/schema\/logo\/image\/","url":"https:\/\/www.vinarijaaven.rs\/wp-content\/uploads\/2021\/05\/cropped-admin-ajax-1-2.png","contentUrl":"https:\/\/www.vinarijaaven.rs\/wp-content\/uploads\/2021\/05\/cropped-admin-ajax-1-2.png","width":200,"height":203,"caption":"Vinarija Aven"},"image":{"@id":"https:\/\/www.vinarijaaven.rs\/#\/schema\/logo\/image\/"},"sameAs":["https:\/\/www.facebook.com\/profile.php?id=100057522158191","https:\/\/www.instagram.com\/vinarija.aven\/"]}]}},"_links":{"self":[{"href":"https:\/\/www.vinarijaaven.rs\/en\/wp-json\/wp\/v2\/product\/278"}],"collection":[{"href":"https:\/\/www.vinarijaaven.rs\/en\/wp-json\/wp\/v2\/product"}],"about":[{"href":"https:\/\/www.vinarijaaven.rs\/en\/wp-json\/wp\/v2\/types\/product"}],"replies":[{"embeddable":true,"href":"https:\/\/www.vinarijaaven.rs\/en\/wp-json\/wp\/v2\/comments?post=278"}],"wp:featuredmedia":[{"embeddable":true,"href":"https:\/\/www.vinarijaaven.rs\/en\/wp-json\/wp\/v2\/media\/1470"}],"wp:attachment":[{"href":"https:\/\/www.vinarijaaven.rs\/en\/wp-json\/wp\/v2\/media?parent=278"}],"wp:term":[{"taxonomy":"product_cat","embeddable":true,"href":"https:\/\/www.vinarijaaven.rs\/en\/wp-json\/wp\/v2\/product_cat?post=278"},{"taxonomy":"product_tag","embeddable":true,"href":"https:\/\/www.vinarijaaven.rs\/en\/wp-json\/wp\/v2\/product_tag?post=278"}],"curies":[{"name":"wp","href":"https:\/\/api.w.org\/{rel}","templated":true}]}}