{"id":288,"date":"2019-07-26T13:27:39","date_gmt":"2019-07-26T13:27:39","guid":{"rendered":"https:\/\/www.vinarijaaven.rs\/?post_type=product&#038;p=288"},"modified":"2023-12-01T22:07:47","modified_gmt":"2023-12-01T22:07:47","slug":"balance","status":"publish","type":"product","link":"https:\/\/www.vinarijaaven.rs\/en\/product\/balance\/","title":{"rendered":"Balance 2018"},"content":{"rendered":"<p><strong>INFORMACIJE<\/strong><\/p>\n<div><a href=\"https:\/\/www.vinarijaaven.rs\/en\/product\/balance-aven\/\">Balance Aven Rubin crvene boje<\/a><\/div>\n<div>Na mirisu dominiraju arome crnog i crvenog vo\u0107a, vi\u0161nja, \u0161ljiva i borovnica.<\/div>\n<div><\/div>\n<div>Na ukusu so\u010dno i vo\u0107no, punog tela sa konkretnim<\/div>\n<div>taninima koji se tope na jeziku. Dobro balansiran alkohol i<\/div>\n<div>kiseline sjedinjuju se u dugu so\u010dnu zavr\u0161nicu.<\/div>\n<div><\/div>\n<div>\n<div><strong>Gastro savet:<\/strong><\/div>\n<ul>\n<li>Jagnjetina<\/li>\n<li>Pa\u010detina<\/li>\n<li>Tamnija mesa umerenog<\/li>\n<li>Intenziteta<\/li>\n<li>Zreli sirevi<\/li>\n<\/ul>\n<\/div>","protected":false},"excerpt":{"rendered":"<div><b>VINOGRAD<\/b><\/div>\n<div><\/div>\n<div>Lokalitet: \u017dupa aleksandrova\u010dka<\/div>\n<div>Ekspozicija: jugoistok<\/div>\n<div>Nadmorska visina: 290m<\/div>\n<div>Sorte: Merlot, Cabernet Sauvignon<\/div>\n<div>Starost vinograda: 13 godina, prinos 1- 2 kg po \u010dokotu<\/div>\n<div>Berba: 2018<\/div>\n<div><\/div>\n<div><strong>PODRUM<\/strong><\/div>\n<div><\/div>\n<div>Fermentacija: od 22 do 28\u00b0C<\/div>\n<div>Odle\u017eavanje: barik burad &#8211; srpski hrast, madjarski hrast<\/div>\n<div>\n<div><\/div>\n<div>\n<div>Alkohol: 14%<\/div>\n<div>\u0160e\u0107er:0,5gr\/l<\/div>\n<div>Kiseline:6,14gr\/l<\/div>\n<div>SO2 109mg\/l<\/div>\n<div>pH:3,40<\/div>\n<\/div>\n<div>Serviranje. 15-28\u00b0C<\/div>\n<\/div>","protected":false},"featured_media":1460,"comment_status":"closed","ping_status":"closed","template":"","meta":[],"product_cat":[29],"product_tag":[55,56,58,54,57],"yoast_head":"<!-- This site is optimized with the Yoast SEO plugin v21.5 - https:\/\/yoast.com\/wordpress\/plugins\/seo\/ -->\n<title>Vinarija Aven - Balance 2018<\/title>\n<meta name=\"description\" content=\"Balance Aven Rubin crvene boje srednjeg intenziteta.Na mirisu dominiraju arome crnog i crvenog vo\u0107a, vi\u0161nja,\u0161ljiva i borovnica. avenvinarija\" \/>\n<meta name=\"robots\" content=\"index, follow, max-snippet:-1, max-image-preview:large, max-video-preview:-1\" \/>\n<link rel=\"canonical\" href=\"https:\/\/www.vinarijaaven.rs\/en\/product\/balance\/\" \/>\n<meta property=\"og:locale\" content=\"en_US\" \/>\n<meta property=\"og:type\" content=\"article\" \/>\n<meta property=\"og:title\" content=\"Vinarija Aven - Balance 2018\" \/>\n<meta property=\"og:description\" content=\"Balance Aven Rubin crvene boje srednjeg intenziteta.Na mirisu dominiraju arome crnog i crvenog vo\u0107a, vi\u0161nja,\u0161ljiva i borovnica. avenvinarija\" \/>\n<meta property=\"og:url\" content=\"https:\/\/www.vinarijaaven.rs\/en\/product\/balance\/\" \/>\n<meta property=\"og:site_name\" content=\"Vinarija Aven\" \/>\n<meta property=\"article:publisher\" content=\"https:\/\/www.facebook.com\/profile.php?id=100057522158191\" \/>\n<meta property=\"article:modified_time\" content=\"2023-12-01T22:07:47+00:00\" \/>\n<meta property=\"og:image\" content=\"https:\/\/www.vinarijaaven.rs\/wp-content\/uploads\/2023\/11\/Balance-2018.jpg\" \/>\n\t<meta property=\"og:image:width\" content=\"900\" \/>\n\t<meta property=\"og:image:height\" content=\"900\" \/>\n\t<meta property=\"og:image:type\" content=\"image\/jpeg\" \/>\n<meta name=\"twitter:card\" content=\"summary_large_image\" \/>\n<meta name=\"twitter:label1\" content=\"Est. reading time\" \/>\n\t<meta name=\"twitter:data1\" content=\"1 minute\" \/>\n<script type=\"application\/ld+json\" class=\"yoast-schema-graph\">{\"@context\":\"https:\/\/schema.org\",\"@graph\":[{\"@type\":\"WebPage\",\"@id\":\"https:\/\/www.vinarijaaven.rs\/product\/balance\/\",\"url\":\"https:\/\/www.vinarijaaven.rs\/product\/balance\/\",\"name\":\"Vinarija Aven - Balance 2018\",\"isPartOf\":{\"@id\":\"https:\/\/www.vinarijaaven.rs\/#website\"},\"datePublished\":\"2019-07-26T13:27:39+00:00\",\"dateModified\":\"2023-12-01T22:07:47+00:00\",\"description\":\"Balance Aven Rubin crvene boje srednjeg intenziteta.Na mirisu dominiraju arome crnog i crvenog vo\u0107a, vi\u0161nja,\u0161ljiva i borovnica. avenvinarija\",\"breadcrumb\":{\"@id\":\"https:\/\/www.vinarijaaven.rs\/product\/balance\/#breadcrumb\"},\"inLanguage\":\"en-US\",\"potentialAction\":[{\"@type\":\"ReadAction\",\"target\":[\"https:\/\/www.vinarijaaven.rs\/product\/balance\/\"]}]},{\"@type\":\"BreadcrumbList\",\"@id\":\"https:\/\/www.vinarijaaven.rs\/product\/balance\/#breadcrumb\",\"itemListElement\":[{\"@type\":\"ListItem\",\"position\":1,\"name\":\"Home\",\"item\":\"https:\/\/www.vinarijaaven.rs\/\"},{\"@type\":\"ListItem\",\"position\":2,\"name\":\"Proizvod\",\"item\":\"https:\/\/www.vinarijaaven.rs\/proizvod\/\"},{\"@type\":\"ListItem\",\"position\":3,\"name\":\"Balance 2018\"}]},{\"@type\":\"WebSite\",\"@id\":\"https:\/\/www.vinarijaaven.rs\/#website\",\"url\":\"https:\/\/www.vinarijaaven.rs\/\",\"name\":\"Vinarija Aven\",\"description\":\"Blog i prodavnica za vino\",\"publisher\":{\"@id\":\"https:\/\/www.vinarijaaven.rs\/#organization\"},\"potentialAction\":[{\"@type\":\"SearchAction\",\"target\":{\"@type\":\"EntryPoint\",\"urlTemplate\":\"https:\/\/www.vinarijaaven.rs\/?s={search_term_string}\"},\"query-input\":\"required name=search_term_string\"}],\"inLanguage\":\"en-US\"},{\"@type\":\"Organization\",\"@id\":\"https:\/\/www.vinarijaaven.rs\/#organization\",\"name\":\"Vinarija Aven\",\"url\":\"https:\/\/www.vinarijaaven.rs\/\",\"logo\":{\"@type\":\"ImageObject\",\"inLanguage\":\"en-US\",\"@id\":\"https:\/\/www.vinarijaaven.rs\/#\/schema\/logo\/image\/\",\"url\":\"https:\/\/www.vinarijaaven.rs\/wp-content\/uploads\/2021\/05\/cropped-admin-ajax-1-2.png\",\"contentUrl\":\"https:\/\/www.vinarijaaven.rs\/wp-content\/uploads\/2021\/05\/cropped-admin-ajax-1-2.png\",\"width\":200,\"height\":203,\"caption\":\"Vinarija Aven\"},\"image\":{\"@id\":\"https:\/\/www.vinarijaaven.rs\/#\/schema\/logo\/image\/\"},\"sameAs\":[\"https:\/\/www.facebook.com\/profile.php?id=100057522158191\",\"https:\/\/www.instagram.com\/vinarija.aven\/\"]}]}<\/script>\n<!-- \/ Yoast SEO plugin. -->","yoast_head_json":{"title":"Vinarija Aven - Balance 2018","description":"Balance Aven Rubin crvene boje srednjeg intenziteta.Na mirisu dominiraju arome crnog i crvenog vo\u0107a, vi\u0161nja,\u0161ljiva i borovnica. avenvinarija","robots":{"index":"index","follow":"follow","max-snippet":"max-snippet:-1","max-image-preview":"max-image-preview:large","max-video-preview":"max-video-preview:-1"},"canonical":"https:\/\/www.vinarijaaven.rs\/en\/product\/balance\/","og_locale":"en_US","og_type":"article","og_title":"Vinarija Aven - Balance 2018","og_description":"Balance Aven Rubin crvene boje srednjeg intenziteta.Na mirisu dominiraju arome crnog i crvenog vo\u0107a, vi\u0161nja,\u0161ljiva i borovnica. avenvinarija","og_url":"https:\/\/www.vinarijaaven.rs\/en\/product\/balance\/","og_site_name":"Vinarija Aven","article_publisher":"https:\/\/www.facebook.com\/profile.php?id=100057522158191","article_modified_time":"2023-12-01T22:07:47+00:00","og_image":[{"width":900,"height":900,"url":"https:\/\/www.vinarijaaven.rs\/wp-content\/uploads\/2023\/11\/Balance-2018.jpg","type":"image\/jpeg"}],"twitter_card":"summary_large_image","twitter_misc":{"Est. reading time":"1 minute"},"schema":{"@context":"https:\/\/schema.org","@graph":[{"@type":"WebPage","@id":"https:\/\/www.vinarijaaven.rs\/product\/balance\/","url":"https:\/\/www.vinarijaaven.rs\/product\/balance\/","name":"Vinarija Aven - Balance 2018","isPartOf":{"@id":"https:\/\/www.vinarijaaven.rs\/#website"},"datePublished":"2019-07-26T13:27:39+00:00","dateModified":"2023-12-01T22:07:47+00:00","description":"Balance Aven Rubin crvene boje srednjeg intenziteta.Na mirisu dominiraju arome crnog i crvenog vo\u0107a, vi\u0161nja,\u0161ljiva i borovnica. avenvinarija","breadcrumb":{"@id":"https:\/\/www.vinarijaaven.rs\/product\/balance\/#breadcrumb"},"inLanguage":"en-US","potentialAction":[{"@type":"ReadAction","target":["https:\/\/www.vinarijaaven.rs\/product\/balance\/"]}]},{"@type":"BreadcrumbList","@id":"https:\/\/www.vinarijaaven.rs\/product\/balance\/#breadcrumb","itemListElement":[{"@type":"ListItem","position":1,"name":"Home","item":"https:\/\/www.vinarijaaven.rs\/"},{"@type":"ListItem","position":2,"name":"Proizvod","item":"https:\/\/www.vinarijaaven.rs\/proizvod\/"},{"@type":"ListItem","position":3,"name":"Balance 2018"}]},{"@type":"WebSite","@id":"https:\/\/www.vinarijaaven.rs\/#website","url":"https:\/\/www.vinarijaaven.rs\/","name":"Vinarija Aven","description":"Blog i prodavnica za vino","publisher":{"@id":"https:\/\/www.vinarijaaven.rs\/#organization"},"potentialAction":[{"@type":"SearchAction","target":{"@type":"EntryPoint","urlTemplate":"https:\/\/www.vinarijaaven.rs\/?s={search_term_string}"},"query-input":"required name=search_term_string"}],"inLanguage":"en-US"},{"@type":"Organization","@id":"https:\/\/www.vinarijaaven.rs\/#organization","name":"Vinarija Aven","url":"https:\/\/www.vinarijaaven.rs\/","logo":{"@type":"ImageObject","inLanguage":"en-US","@id":"https:\/\/www.vinarijaaven.rs\/#\/schema\/logo\/image\/","url":"https:\/\/www.vinarijaaven.rs\/wp-content\/uploads\/2021\/05\/cropped-admin-ajax-1-2.png","contentUrl":"https:\/\/www.vinarijaaven.rs\/wp-content\/uploads\/2021\/05\/cropped-admin-ajax-1-2.png","width":200,"height":203,"caption":"Vinarija Aven"},"image":{"@id":"https:\/\/www.vinarijaaven.rs\/#\/schema\/logo\/image\/"},"sameAs":["https:\/\/www.facebook.com\/profile.php?id=100057522158191","https:\/\/www.instagram.com\/vinarija.aven\/"]}]}},"_links":{"self":[{"href":"https:\/\/www.vinarijaaven.rs\/en\/wp-json\/wp\/v2\/product\/288"}],"collection":[{"href":"https:\/\/www.vinarijaaven.rs\/en\/wp-json\/wp\/v2\/product"}],"about":[{"href":"https:\/\/www.vinarijaaven.rs\/en\/wp-json\/wp\/v2\/types\/product"}],"replies":[{"embeddable":true,"href":"https:\/\/www.vinarijaaven.rs\/en\/wp-json\/wp\/v2\/comments?post=288"}],"wp:featuredmedia":[{"embeddable":true,"href":"https:\/\/www.vinarijaaven.rs\/en\/wp-json\/wp\/v2\/media\/1460"}],"wp:attachment":[{"href":"https:\/\/www.vinarijaaven.rs\/en\/wp-json\/wp\/v2\/media?parent=288"}],"wp:term":[{"taxonomy":"product_cat","embeddable":true,"href":"https:\/\/www.vinarijaaven.rs\/en\/wp-json\/wp\/v2\/product_cat?post=288"},{"taxonomy":"product_tag","embeddable":true,"href":"https:\/\/www.vinarijaaven.rs\/en\/wp-json\/wp\/v2\/product_tag?post=288"}],"curies":[{"name":"wp","href":"https:\/\/api.w.org\/{rel}","templated":true}]}}