{"id":289,"date":"2019-07-26T13:27:43","date_gmt":"2019-07-26T13:27:43","guid":{"rendered":"https:\/\/www.vinarijaaven.rs\/?post_type=product&#038;p=289"},"modified":"2023-12-01T22:07:55","modified_gmt":"2023-12-01T22:07:55","slug":"cabernet-sauvignon","status":"publish","type":"product","link":"https:\/\/www.vinarijaaven.rs\/en\/product\/cabernet-sauvignon\/","title":{"rendered":"Cabernet Sauvignon 2018"},"content":{"rendered":"<h4>INFORMACIJE<\/h4>\n<p><a href=\"https:\/\/www.vinarijaaven.rs\/en\/product\/cabernet-sauvignon\/\">Cabernet Sauvignon intenzivne<\/a> rubin crvene boje.<br \/>\nMiris ozbiljan i sortan, slojevito se otvara kroz borovnicu, kupinu i crnu ribizlu, sa nagove\u0161tajem slatkog korena (sladi\u0107) i diskretnim zamljanim tonovima.<\/p>\n<p>Na ukusu vo\u0107no uz nagove\u0161taj kedrovine i dima, puno i so\u010dno sa dobro integrisanim kiselinama i bogatim taninima<br \/>\nkoji omek\u0161avaju.<\/p>\n<p>Izuzetno duge i postojane herbalne zavrsnice.<\/p>\n<p><strong>Gastro savet:<\/strong><\/p>\n<ul>\n<li>Crvena mesa<\/li>\n<li>Divlja\u010d<\/li>\n<li>Zreli sirevi<\/li>\n<li>Deserti na bazi crne \u010dokolade<\/li>\n<li>Kubanska cigara srednjeg tela<\/li>\n<\/ul>","protected":false},"excerpt":{"rendered":"<p><strong>VINOGRAD<\/strong><\/p>\n<p>Lokalitet: \u017dupa aleksandrova\u010dka<br \/>\nEkspozicija: Jugoistok<br \/>\nNadmorska visina:280m<br \/>\nSorte: Cabernet Sauvignon 100%<br \/>\nStarost vinograda: 13 godina, prinos 1- 2 kg po \u010dokotu<br \/>\nBerba: 2018<\/p>\n<p><strong>PODRUM<\/strong><\/p>\n<p>Fermentacija: od 22 do 28\u00b0C<br \/>\nOdle\u017eavanje: barik burad &#8211; srpski hrast, madjarski hrast<br \/>\nAlkohol: 14%<br \/>\n\u0160e\u0107er:0,7gr\/l<br \/>\nKiseline:5,75g\/l<br \/>\nSO2: 88mg\/l<br \/>\npH: 3,58<br \/>\nServiranje: 15-18\u00b0C<\/p>","protected":false},"featured_media":1461,"comment_status":"closed","ping_status":"closed","template":"","meta":[],"product_cat":[29],"product_tag":[61,59,60,63,62],"yoast_head":"<!-- This site is optimized with the Yoast SEO plugin v21.5 - https:\/\/yoast.com\/wordpress\/plugins\/seo\/ -->\n<title>Vinarija Aven - Cabernet Sauvignon 2018<\/title>\n<meta name=\"description\" content=\"Cabernet Sauvignon - Miris ozbiljan i sortan, slojevito se otvara kroz borovnicu,kupinu i crnu ribizlu, sa nagove\u0161tajem slatkog korena (sladi\u0107).\" \/>\n<meta name=\"robots\" content=\"index, follow, max-snippet:-1, max-image-preview:large, max-video-preview:-1\" \/>\n<link rel=\"canonical\" href=\"https:\/\/www.vinarijaaven.rs\/en\/product\/cabernet-sauvignon\/\" \/>\n<meta property=\"og:locale\" content=\"en_US\" \/>\n<meta property=\"og:type\" content=\"article\" \/>\n<meta property=\"og:title\" content=\"Vinarija Aven - Cabernet Sauvignon 2018\" \/>\n<meta property=\"og:description\" content=\"Cabernet Sauvignon - Miris ozbiljan i sortan, slojevito se otvara kroz borovnicu,kupinu i crnu ribizlu, sa nagove\u0161tajem slatkog korena (sladi\u0107).\" \/>\n<meta property=\"og:url\" content=\"https:\/\/www.vinarijaaven.rs\/en\/product\/cabernet-sauvignon\/\" \/>\n<meta property=\"og:site_name\" content=\"Vinarija Aven\" \/>\n<meta property=\"article:publisher\" content=\"https:\/\/www.facebook.com\/profile.php?id=100057522158191\" \/>\n<meta property=\"article:modified_time\" content=\"2023-12-01T22:07:55+00:00\" \/>\n<meta property=\"og:image\" content=\"https:\/\/www.vinarijaaven.rs\/wp-content\/uploads\/2023\/11\/Cabernet-Sauvignon-2018.jpg\" \/>\n\t<meta property=\"og:image:width\" content=\"900\" \/>\n\t<meta property=\"og:image:height\" content=\"900\" \/>\n\t<meta property=\"og:image:type\" content=\"image\/jpeg\" \/>\n<meta name=\"twitter:card\" content=\"summary_large_image\" \/>\n<meta name=\"twitter:label1\" content=\"Est. reading time\" \/>\n\t<meta name=\"twitter:data1\" content=\"1 minute\" \/>\n<script type=\"application\/ld+json\" class=\"yoast-schema-graph\">{\"@context\":\"https:\/\/schema.org\",\"@graph\":[{\"@type\":\"WebPage\",\"@id\":\"https:\/\/www.vinarijaaven.rs\/product\/cabernet-sauvignon\/\",\"url\":\"https:\/\/www.vinarijaaven.rs\/product\/cabernet-sauvignon\/\",\"name\":\"Vinarija Aven - Cabernet Sauvignon 2018\",\"isPartOf\":{\"@id\":\"https:\/\/www.vinarijaaven.rs\/#website\"},\"datePublished\":\"2019-07-26T13:27:43+00:00\",\"dateModified\":\"2023-12-01T22:07:55+00:00\",\"description\":\"Cabernet Sauvignon - Miris ozbiljan i sortan, slojevito se otvara kroz borovnicu,kupinu i crnu ribizlu, sa nagove\u0161tajem slatkog korena (sladi\u0107).\",\"breadcrumb\":{\"@id\":\"https:\/\/www.vinarijaaven.rs\/product\/cabernet-sauvignon\/#breadcrumb\"},\"inLanguage\":\"en-US\",\"potentialAction\":[{\"@type\":\"ReadAction\",\"target\":[\"https:\/\/www.vinarijaaven.rs\/product\/cabernet-sauvignon\/\"]}]},{\"@type\":\"BreadcrumbList\",\"@id\":\"https:\/\/www.vinarijaaven.rs\/product\/cabernet-sauvignon\/#breadcrumb\",\"itemListElement\":[{\"@type\":\"ListItem\",\"position\":1,\"name\":\"Home\",\"item\":\"https:\/\/www.vinarijaaven.rs\/\"},{\"@type\":\"ListItem\",\"position\":2,\"name\":\"Proizvod\",\"item\":\"https:\/\/www.vinarijaaven.rs\/proizvod\/\"},{\"@type\":\"ListItem\",\"position\":3,\"name\":\"Cabernet Sauvignon 2018\"}]},{\"@type\":\"WebSite\",\"@id\":\"https:\/\/www.vinarijaaven.rs\/#website\",\"url\":\"https:\/\/www.vinarijaaven.rs\/\",\"name\":\"Vinarija Aven\",\"description\":\"Blog i prodavnica za vino\",\"publisher\":{\"@id\":\"https:\/\/www.vinarijaaven.rs\/#organization\"},\"potentialAction\":[{\"@type\":\"SearchAction\",\"target\":{\"@type\":\"EntryPoint\",\"urlTemplate\":\"https:\/\/www.vinarijaaven.rs\/?s={search_term_string}\"},\"query-input\":\"required name=search_term_string\"}],\"inLanguage\":\"en-US\"},{\"@type\":\"Organization\",\"@id\":\"https:\/\/www.vinarijaaven.rs\/#organization\",\"name\":\"Vinarija Aven\",\"url\":\"https:\/\/www.vinarijaaven.rs\/\",\"logo\":{\"@type\":\"ImageObject\",\"inLanguage\":\"en-US\",\"@id\":\"https:\/\/www.vinarijaaven.rs\/#\/schema\/logo\/image\/\",\"url\":\"https:\/\/www.vinarijaaven.rs\/wp-content\/uploads\/2021\/05\/cropped-admin-ajax-1-2.png\",\"contentUrl\":\"https:\/\/www.vinarijaaven.rs\/wp-content\/uploads\/2021\/05\/cropped-admin-ajax-1-2.png\",\"width\":200,\"height\":203,\"caption\":\"Vinarija Aven\"},\"image\":{\"@id\":\"https:\/\/www.vinarijaaven.rs\/#\/schema\/logo\/image\/\"},\"sameAs\":[\"https:\/\/www.facebook.com\/profile.php?id=100057522158191\",\"https:\/\/www.instagram.com\/vinarija.aven\/\"]}]}<\/script>\n<!-- \/ Yoast SEO plugin. -->","yoast_head_json":{"title":"Vinarija Aven - Cabernet Sauvignon 2018","description":"Cabernet Sauvignon - Miris ozbiljan i sortan, slojevito se otvara kroz borovnicu,kupinu i crnu ribizlu, sa nagove\u0161tajem slatkog korena (sladi\u0107).","robots":{"index":"index","follow":"follow","max-snippet":"max-snippet:-1","max-image-preview":"max-image-preview:large","max-video-preview":"max-video-preview:-1"},"canonical":"https:\/\/www.vinarijaaven.rs\/en\/product\/cabernet-sauvignon\/","og_locale":"en_US","og_type":"article","og_title":"Vinarija Aven - Cabernet Sauvignon 2018","og_description":"Cabernet Sauvignon - Miris ozbiljan i sortan, slojevito se otvara kroz borovnicu,kupinu i crnu ribizlu, sa nagove\u0161tajem slatkog korena (sladi\u0107).","og_url":"https:\/\/www.vinarijaaven.rs\/en\/product\/cabernet-sauvignon\/","og_site_name":"Vinarija Aven","article_publisher":"https:\/\/www.facebook.com\/profile.php?id=100057522158191","article_modified_time":"2023-12-01T22:07:55+00:00","og_image":[{"width":900,"height":900,"url":"https:\/\/www.vinarijaaven.rs\/wp-content\/uploads\/2023\/11\/Cabernet-Sauvignon-2018.jpg","type":"image\/jpeg"}],"twitter_card":"summary_large_image","twitter_misc":{"Est. reading time":"1 minute"},"schema":{"@context":"https:\/\/schema.org","@graph":[{"@type":"WebPage","@id":"https:\/\/www.vinarijaaven.rs\/product\/cabernet-sauvignon\/","url":"https:\/\/www.vinarijaaven.rs\/product\/cabernet-sauvignon\/","name":"Vinarija Aven - Cabernet Sauvignon 2018","isPartOf":{"@id":"https:\/\/www.vinarijaaven.rs\/#website"},"datePublished":"2019-07-26T13:27:43+00:00","dateModified":"2023-12-01T22:07:55+00:00","description":"Cabernet Sauvignon - Miris ozbiljan i sortan, slojevito se otvara kroz borovnicu,kupinu i crnu ribizlu, sa nagove\u0161tajem slatkog korena (sladi\u0107).","breadcrumb":{"@id":"https:\/\/www.vinarijaaven.rs\/product\/cabernet-sauvignon\/#breadcrumb"},"inLanguage":"en-US","potentialAction":[{"@type":"ReadAction","target":["https:\/\/www.vinarijaaven.rs\/product\/cabernet-sauvignon\/"]}]},{"@type":"BreadcrumbList","@id":"https:\/\/www.vinarijaaven.rs\/product\/cabernet-sauvignon\/#breadcrumb","itemListElement":[{"@type":"ListItem","position":1,"name":"Home","item":"https:\/\/www.vinarijaaven.rs\/"},{"@type":"ListItem","position":2,"name":"Proizvod","item":"https:\/\/www.vinarijaaven.rs\/proizvod\/"},{"@type":"ListItem","position":3,"name":"Cabernet Sauvignon 2018"}]},{"@type":"WebSite","@id":"https:\/\/www.vinarijaaven.rs\/#website","url":"https:\/\/www.vinarijaaven.rs\/","name":"Vinarija Aven","description":"Blog i prodavnica za vino","publisher":{"@id":"https:\/\/www.vinarijaaven.rs\/#organization"},"potentialAction":[{"@type":"SearchAction","target":{"@type":"EntryPoint","urlTemplate":"https:\/\/www.vinarijaaven.rs\/?s={search_term_string}"},"query-input":"required name=search_term_string"}],"inLanguage":"en-US"},{"@type":"Organization","@id":"https:\/\/www.vinarijaaven.rs\/#organization","name":"Vinarija Aven","url":"https:\/\/www.vinarijaaven.rs\/","logo":{"@type":"ImageObject","inLanguage":"en-US","@id":"https:\/\/www.vinarijaaven.rs\/#\/schema\/logo\/image\/","url":"https:\/\/www.vinarijaaven.rs\/wp-content\/uploads\/2021\/05\/cropped-admin-ajax-1-2.png","contentUrl":"https:\/\/www.vinarijaaven.rs\/wp-content\/uploads\/2021\/05\/cropped-admin-ajax-1-2.png","width":200,"height":203,"caption":"Vinarija Aven"},"image":{"@id":"https:\/\/www.vinarijaaven.rs\/#\/schema\/logo\/image\/"},"sameAs":["https:\/\/www.facebook.com\/profile.php?id=100057522158191","https:\/\/www.instagram.com\/vinarija.aven\/"]}]}},"_links":{"self":[{"href":"https:\/\/www.vinarijaaven.rs\/en\/wp-json\/wp\/v2\/product\/289"}],"collection":[{"href":"https:\/\/www.vinarijaaven.rs\/en\/wp-json\/wp\/v2\/product"}],"about":[{"href":"https:\/\/www.vinarijaaven.rs\/en\/wp-json\/wp\/v2\/types\/product"}],"replies":[{"embeddable":true,"href":"https:\/\/www.vinarijaaven.rs\/en\/wp-json\/wp\/v2\/comments?post=289"}],"wp:featuredmedia":[{"embeddable":true,"href":"https:\/\/www.vinarijaaven.rs\/en\/wp-json\/wp\/v2\/media\/1461"}],"wp:attachment":[{"href":"https:\/\/www.vinarijaaven.rs\/en\/wp-json\/wp\/v2\/media?parent=289"}],"wp:term":[{"taxonomy":"product_cat","embeddable":true,"href":"https:\/\/www.vinarijaaven.rs\/en\/wp-json\/wp\/v2\/product_cat?post=289"},{"taxonomy":"product_tag","embeddable":true,"href":"https:\/\/www.vinarijaaven.rs\/en\/wp-json\/wp\/v2\/product_tag?post=289"}],"curies":[{"name":"wp","href":"https:\/\/api.w.org\/{rel}","templated":true}]}}